{"id":1720,"date":"2021-08-12T15:47:07","date_gmt":"2021-08-12T15:47:07","guid":{"rendered":"http:\/\/benedictino.6gradosdigital.com\/?page_id=1720"},"modified":"2026-04-23T13:49:52","modified_gmt":"2026-04-23T18:49:52","slug":"transport","status":"publish","type":"page","link":"https:\/\/colegiobenedictino.edu.co\/en\/transporte\/","title":{"rendered":"The School Bus"},"content":{"rendered":"<div class=\"wpb-content-wrapper\"><div class=\"vc_row wpb_row vc_row-fluid\"><div class=\"wpb_column vc_column_container vc_col-sm-6\"><div class=\"vc_column-inner\"><div class=\"wpb_wrapper\">\n\t<div class=\"wpb_text_column wpb_content_element\" >\n\t\t<div class=\"wpb_wrapper\">\n\t\t\t<h3><b>Ravel Transport Service<\/b><\/h3>\n<p><b><br \/>\n<\/b><span style=\"font-weight: 400;\">Since 2010, Transportes Ravel S.A.S. has been characterized by offering a mobility service with optimal route design, guaranteeing compliance, punctuality in schedules, comfort, and safety for its clients. This is a company dedicated to facilitating transportation needs for users in the following modalities:<\/span><\/p>\n<ul>\n<li><span style=\"font-weight: 400;\">School transportation<\/span><\/li>\n<li><span style=\"font-weight: 400;\">Corporate transportation<\/span><\/li>\n<li><span style=\"font-weight: 400;\">Tourist transportation<br \/>\n<\/span><\/li>\n<\/ul>\n<p><span style=\"font-weight: 400;\">With its satellite monitoring system, real-time information can be obtained about vehicles, such as: established schedules, their exact location, among other things that provide better operational control.<\/span><\/p>\n<p>&nbsp;<\/p>\n<h3><b>Experience and track record\u00a0<\/b><\/h3>\n<h3><\/h3>\n<p><span style=\"font-weight: 400;\">For 12 years, they have provided school transportation services to educational institutions such as Gimnasio Los Alc\u00e1zares and Colegiatura Colombiana. This company has distinguished itself by having professional and qualified human talent. Furthermore, it is focused on building the best sustainable mobility alternative in the city.<\/span><\/p>\n<p>&nbsp;<\/p>\n<p><span style=\"font-weight: 400;\">\u2713 We have quality certification 9001 and ISO 45001 standard<\/span><\/p>\n<p><b><br \/>\nNote: <\/b><span style=\"font-weight: 400;\">Transportation service will be provided provided its logistical and financial feasibility and seat availability are verified.<\/span><\/p>\n\n\t\t<\/div>\n\t<\/div>\n<\/div><\/div><\/div><div class=\"wpb_column vc_column_container vc_col-sm-6\"><div class=\"vc_column-inner\"><div class=\"wpb_wrapper\">\n\t<div  class=\"wpb_single_image wpb_content_element vc_align_center\">\n\t\t\n\t\t<figure class=\"wpb_wrapper vc_figure\">\n\t\t\t<div class=\"vc_single_image-wrapper   vc_box_border_grey\"><img data-recalc-dims=\"1\" loading=\"lazy\" decoding=\"async\" width=\"666\" height=\"870\" src=\"https:\/\/i0.wp.com\/colegiobenedictino.edu.co\/wp-content\/uploads\/2025\/10\/bb436-transporte-2.jpg?resize=666%2C870&#038;ssl=1\" class=\"vc_single_image-img attachment-full\" alt=\"Benedictine students\" title=\"transport-2\" data-attachment-id=\"1725\" data-permalink=\"https:\/\/colegiobenedictino.edu.co\/en\/transporte\/transporte-2\/\" data-orig-file=\"https:\/\/colegiobenedictino.edu.co\/wp-content\/uploads\/2025\/10\/bb436-transporte-2.jpg\" data-orig-size=\"666,870\" data-comments-opened=\"1\" data-image-meta=\"{&quot;aperture&quot;:&quot;0&quot;,&quot;credit&quot;:&quot;&quot;,&quot;camera&quot;:&quot;&quot;,&quot;caption&quot;:&quot;&quot;,&quot;created_timestamp&quot;:&quot;0&quot;,&quot;copyright&quot;:&quot;&quot;,&quot;focal_length&quot;:&quot;0&quot;,&quot;iso&quot;:&quot;0&quot;,&quot;shutter_speed&quot;:&quot;0&quot;,&quot;title&quot;:&quot;&quot;,&quot;orientation&quot;:&quot;0&quot;}\" data-image-title=\"transporte-2\" data-image-description=\"\" data-image-caption=\"\" data-large-file=\"https:\/\/colegiobenedictino.edu.co\/wp-content\/uploads\/2025\/10\/bb436-transporte-2.jpg\"  data-dt-location=\"https:\/\/colegiobenedictino.edu.co\/en\/transporte\/transporte-2\/\" \/><\/div>\n\t\t<\/figure>\n\t<\/div>\n<\/div><\/div><\/div><\/div><div class=\"vc_row wpb_row vc_row-fluid\"><div class=\"wpb_column vc_column_container vc_col-sm-12\"><div class=\"vc_column-inner\"><div class=\"wpb_wrapper\"><div class=\"vc_separator wpb_content_element vc_separator_align_center vc_sep_width_100 vc_sep_pos_align_center vc_separator_no_text vc_sep_color_grey wpb_content_element  wpb_content_element\" ><span class=\"vc_sep_holder vc_sep_holder_l\"><span class=\"vc_sep_line\"><\/span><\/span><span class=\"vc_sep_holder vc_sep_holder_r\"><span class=\"vc_sep_line\"><\/span><\/span>\n<\/div><\/div><\/div><\/div><\/div><div class=\"vc_row wpb_row vc_row-fluid\"><div class=\"wpb_column vc_column_container vc_col-sm-6\"><div class=\"vc_column-inner\"><div class=\"wpb_wrapper\"><div  class=\"vc_do_toggle vc_toggle vc_toggle_default vc_toggle_color_default  vc_toggle_size_md\"><div class=\"vc_toggle_title\"><h4>Costs 2025<\/h4><i class=\"vc_toggle_icon\"><\/i><\/div><div class=\"vc_toggle_content\"><p>Below, we will present the costs and routes available to the institution. If you have any further questions, please do not hesitate to contact us.<\/p>\n<\/div><\/div><div  class=\"vc_do_toggle vc_toggle vc_toggle_default vc_toggle_color_default  vc_toggle_size_md\"><div class=\"vc_toggle_title\"><h4>Short route<\/h4><i class=\"vc_toggle_icon\"><\/i><\/div><div class=\"vc_toggle_content\"><p>From the College to locations within 2 km via public roads. Units near the Abbey, Loma del Esmeraldal, and Urbanizaci\u00f3n Hacienda El Poblado towards La Frontera.<\/p>\n<p>&nbsp;<\/p>\n<p><strong>Full-time rate:<\/strong> $356.500<\/p>\n<p><strong>Part-time rate:<\/strong> $256.500<\/p>\n<\/div><\/div><div  class=\"vc_do_toggle vc_toggle vc_toggle_default vc_toggle_color_default  vc_toggle_size_md\"><div class=\"vc_toggle_title\"><h4>Middle route<\/h4><i class=\"vc_toggle_icon\"><\/i><\/div><div class=\"vc_toggle_content\"><p>After 2 km of distance via public roads, covering areas from La Intermedia towards San Lucas in the upper part of Envigado, to the Fiore Urbanization, and from the lower part of Envigado to the Police clinic in the La Cuenca sector. It also covers Avenida El Poblado and Las Vegas up to the Jaime Isaza Polytechnic, including Balsos, Alejandr\u00eda, and the transversals up to 9th Street.<\/p>\n<p>&nbsp;<\/p>\n<p><strong>Full-time rate:<\/strong> $490.000<\/p>\n<p><strong>Part-time rate:<\/strong> $337.000<\/p>\n<\/div><\/div><div  class=\"vc_do_toggle vc_toggle vc_toggle_default vc_toggle_color_default  vc_toggle_size_md\"><div class=\"vc_toggle_title\"><h4>Long route:<\/h4><i class=\"vc_toggle_icon\"><\/i><\/div><div class=\"vc_toggle_content\"><p>The long school bus route begins at Cl\u00ednica La Polic\u00eda and heads towards Sabaneta, covering both the upper and lower sections. It then proceeds to La Estrella, passing through the lower section and reaching the park. It continues through Itag\u00fc\u00ed in the lower section, Guayabal, Laureles, and Bel\u00e9n, reaching Euro. Afterward, the route continues through Calasanz, including the lower section up to the health center and Ema\u00fas church, and proceeds through Santa M\u00f3nica, La Am\u00e9rica, and 92nd Street. Finally, it reaches El Poblado, covering from 10th Street onwards, bordering Las Palmas and Loma del Indio.<\/p>\n<p>&nbsp;<\/p>\n<p><strong>Full-time rate:<\/strong> $531.000<\/p>\n<p><strong>Part-time rate:<\/strong> $396.000<\/p>\n<\/div><\/div><\/div><\/div><\/div><div class=\"wpb_column vc_column_container vc_col-sm-6\"><div class=\"vc_column-inner\"><div class=\"wpb_wrapper\">\n\t<div class=\"wpb_text_column wpb_content_element\" >\n\t\t<div class=\"wpb_wrapper\">\n\t\t\t<p><strong>Download the Safe Route APP<\/strong>, to follow up on school transportation<\/p>\n<p>For more information, you can contact us at the mobile phone: <strong>301-170-0578 or 315-526-8305<\/strong>.<\/p>\n<p>Also by email: <strong>coorbenedictino@transravel.com<\/strong><\/p>\n\n\t\t<\/div>\n\t<\/div>\n<div class=\"vc_row wpb_row vc_inner vc_row-fluid\"><div class=\"wpb_column vc_column_container vc_col-sm-6\"><div class=\"vc_column-inner\"><div class=\"wpb_wrapper\">\n\t<div  class=\"wpb_single_image wpb_content_element vc_align_center\">\n\t\t\n\t\t<figure class=\"wpb_wrapper vc_figure\">\n\t\t\t<a href=\"https:\/\/play.google.com\/store\/apps\/details?id=co.rutasegura.app&amp;hl=es&amp;pli=1\" target=\"_blank\"  class=\"vc_single_image-wrapper   vc_box_border_grey rollover\"   ><img data-recalc-dims=\"1\" decoding=\"async\" class=\"vc_single_image-img\" src=\"https:\/\/i0.wp.com\/colegiobenedictino.edu.co\/wp-content\/uploads\/2025\/11\/android.jpg?resize=200%2C200&#038;ssl=1\" width=\"200\" height=\"200\" alt=\"Android\" title=\"Android\" loading=\"lazy\"  data-dt-location=\"https:\/\/colegiobenedictino.edu.co\/en\/transporte\/android\/\" \/><\/a>\n\t\t<\/figure>\n\t<\/div>\n<\/div><\/div><\/div><div class=\"wpb_column vc_column_container vc_col-sm-6\"><div class=\"vc_column-inner\"><div class=\"wpb_wrapper\">\n\t<div  class=\"wpb_single_image wpb_content_element vc_align_center\">\n\t\t\n\t\t<figure class=\"wpb_wrapper vc_figure\">\n\t\t\t<a href=\"https:\/\/apps.apple.com\/co\/app\/ruta-segura\/id1319036953\" target=\"_blank\"  class=\"vc_single_image-wrapper   vc_box_border_grey rollover\"   ><img data-recalc-dims=\"1\" decoding=\"async\" class=\"vc_single_image-img\" src=\"https:\/\/i0.wp.com\/colegiobenedictino.edu.co\/wp-content\/uploads\/2025\/11\/apple.jpg?resize=200%2C200&#038;ssl=1\" width=\"200\" height=\"200\" alt=\"apple\" title=\"apple\" loading=\"lazy\"  data-dt-location=\"https:\/\/colegiobenedictino.edu.co\/en\/transporte\/apple\/\" \/><\/a>\n\t\t<\/figure>\n\t<\/div>\n<\/div><\/div><\/div><\/div><\/div><\/div><\/div><\/div>\n<\/div>","protected":false},"excerpt":{"rendered":"<p>Servicio de Transporte Ravel Desde el 2010 Transportes Ravel S.A.S. se ha caracterizado por ofrecer un servicio de movilizaci\u00f3n con el dise\u00f1o de rutas \u00f3ptimas, garantizando cumplimiento, puntualidad en los horarios, comodidad y seguridad para sus clientes. Esta es una empresa dedicada a facilitar las necesidades de transporte de usuarios en la modalidad de: Transporte&hellip;<\/p>","protected":false},"author":272175875,"featured_media":1724,"parent":0,"menu_order":0,"comment_status":"closed","ping_status":"closed","template":"","meta":{"footnotes":"","big_sky_generated":false},"class_list":["post-1720","page","type-page","status-publish","has-post-thumbnail","hentry","description-off"],"yoast_head":"<!-- This site is optimized with the Yoast SEO plugin v27.5 - https:\/\/yoast.com\/product\/yoast-seo-wordpress\/ -->\n<title>Transporte - Colegio Benedictino<\/title>\n<meta name=\"description\" content=\"Tus hijos viajan seguros. Ofrecemos servicios de transporte con altos est\u00e1ndares, conductores certificados y monitoreo en tiempo real.\" \/>\n<meta name=\"robots\" content=\"index, follow, max-snippet:-1, max-image-preview:large, max-video-preview:-1\" \/>\n<link rel=\"canonical\" href=\"https:\/\/colegiobenedictino.edu.co\/en\/transport\/\" \/>\n<meta property=\"og:locale\" content=\"en_US\" \/>\n<meta property=\"og:type\" content=\"article\" \/>\n<meta property=\"og:title\" content=\"Transporte - Colegio Benedictino\" \/>\n<meta property=\"og:description\" content=\"Tus hijos viajan seguros. Ofrecemos servicios de transporte con altos est\u00e1ndares, conductores certificados y monitoreo en tiempo real.\" \/>\n<meta property=\"og:url\" content=\"https:\/\/colegiobenedictino.edu.co\/en\/transport\/\" \/>\n<meta property=\"og:site_name\" content=\"Colegio Benedictino\" \/>\n<meta property=\"article:publisher\" content=\"https:\/\/www.facebook.com\/colegiobenedictino?tsid=0.28463760125801607&amp;source=result\" \/>\n<meta property=\"article:modified_time\" content=\"2026-04-23T18:49:52+00:00\" \/>\n<meta property=\"og:image\" content=\"https:\/\/colegiobenedictino.edu.co\/wp-content\/uploads\/2025\/10\/8287a-transporte-1.jpg\" \/>\n\t<meta property=\"og:image:width\" content=\"1937\" \/>\n\t<meta property=\"og:image:height\" content=\"941\" \/>\n\t<meta property=\"og:image:type\" content=\"image\/jpeg\" \/>\n<meta name=\"twitter:card\" content=\"summary_large_image\" \/>\n<meta name=\"twitter:label1\" content=\"Est. reading time\" \/>\n\t<meta name=\"twitter:data1\" content=\"3 minutes\" \/>\n<script type=\"application\/ld+json\" class=\"yoast-schema-graph\">{\"@context\":\"https:\\\/\\\/schema.org\",\"@graph\":[{\"@type\":\"WebPage\",\"@id\":\"https:\\\/\\\/colegiobenedictino.edu.co\\\/transporte\\\/\",\"url\":\"https:\\\/\\\/colegiobenedictino.edu.co\\\/transporte\\\/\",\"name\":\"Transporte - Colegio Benedictino\",\"isPartOf\":{\"@id\":\"https:\\\/\\\/colegiobenedictino.edu.co\\\/#website\"},\"primaryImageOfPage\":{\"@id\":\"https:\\\/\\\/colegiobenedictino.edu.co\\\/transporte\\\/#primaryimage\"},\"image\":{\"@id\":\"https:\\\/\\\/colegiobenedictino.edu.co\\\/transporte\\\/#primaryimage\"},\"thumbnailUrl\":\"https:\\\/\\\/colegiobenedictino.edu.co\\\/wp-content\\\/uploads\\\/2025\\\/10\\\/8287a-transporte-1.jpg\",\"datePublished\":\"2021-08-12T15:47:07+00:00\",\"dateModified\":\"2026-04-23T18:49:52+00:00\",\"description\":\"Tus hijos viajan seguros. Ofrecemos servicios de transporte con altos est\u00e1ndares, conductores certificados y monitoreo en tiempo real.\",\"breadcrumb\":{\"@id\":\"https:\\\/\\\/colegiobenedictino.edu.co\\\/transporte\\\/#breadcrumb\"},\"inLanguage\":\"en-US\",\"potentialAction\":[{\"@type\":\"ReadAction\",\"target\":[\"https:\\\/\\\/colegiobenedictino.edu.co\\\/transporte\\\/\"]}]},{\"@type\":\"ImageObject\",\"inLanguage\":\"en-US\",\"@id\":\"https:\\\/\\\/colegiobenedictino.edu.co\\\/transporte\\\/#primaryimage\",\"url\":\"https:\\\/\\\/colegiobenedictino.edu.co\\\/wp-content\\\/uploads\\\/2025\\\/10\\\/8287a-transporte-1.jpg\",\"contentUrl\":\"https:\\\/\\\/colegiobenedictino.edu.co\\\/wp-content\\\/uploads\\\/2025\\\/10\\\/8287a-transporte-1.jpg\",\"width\":1937,\"height\":941},{\"@type\":\"BreadcrumbList\",\"@id\":\"https:\\\/\\\/colegiobenedictino.edu.co\\\/transporte\\\/#breadcrumb\",\"itemListElement\":[{\"@type\":\"ListItem\",\"position\":1,\"name\":\"Portada\",\"item\":\"https:\\\/\\\/colegiobenedictino.edu.co\\\/\"},{\"@type\":\"ListItem\",\"position\":2,\"name\":\"Transporte\"}]},{\"@type\":\"WebSite\",\"@id\":\"https:\\\/\\\/colegiobenedictino.edu.co\\\/#website\",\"url\":\"https:\\\/\\\/colegiobenedictino.edu.co\\\/\",\"name\":\"Colegio Benedictino\",\"description\":\"Colegio Benedictino de Santa Mar\u00eda\",\"publisher\":{\"@id\":\"https:\\\/\\\/colegiobenedictino.edu.co\\\/#organization\"},\"potentialAction\":[{\"@type\":\"SearchAction\",\"target\":{\"@type\":\"EntryPoint\",\"urlTemplate\":\"https:\\\/\\\/colegiobenedictino.edu.co\\\/?s={search_term_string}\"},\"query-input\":{\"@type\":\"PropertyValueSpecification\",\"valueRequired\":true,\"valueName\":\"search_term_string\"}}],\"inLanguage\":\"en-US\"},{\"@type\":\"Organization\",\"@id\":\"https:\\\/\\\/colegiobenedictino.edu.co\\\/#organization\",\"name\":\"Colegio Benedictino\",\"url\":\"https:\\\/\\\/colegiobenedictino.edu.co\\\/\",\"logo\":{\"@type\":\"ImageObject\",\"inLanguage\":\"en-US\",\"@id\":\"https:\\\/\\\/colegiobenedictino.edu.co\\\/#\\\/schema\\\/logo\\\/image\\\/\",\"url\":\"https:\\\/\\\/colegiobenedictino.edu.co\\\/wp-content\\\/uploads\\\/2026\\\/03\\\/Mesa-de-trabajo-1.png\",\"contentUrl\":\"https:\\\/\\\/colegiobenedictino.edu.co\\\/wp-content\\\/uploads\\\/2026\\\/03\\\/Mesa-de-trabajo-1.png\",\"width\":851,\"height\":851,\"caption\":\"Colegio Benedictino\"},\"image\":{\"@id\":\"https:\\\/\\\/colegiobenedictino.edu.co\\\/#\\\/schema\\\/logo\\\/image\\\/\"},\"sameAs\":[\"https:\\\/\\\/www.facebook.com\\\/colegiobenedictino?tsid=0.28463760125801607&source=result\",\"https:\\\/\\\/www.instagram.com\\\/benedictinos\\\/\"]}]}<\/script>\n<!-- \/ Yoast SEO plugin. -->","yoast_head_json":{"title":"Transportation - Benedictine College","description":"Your children travel safely. We offer transportation services with high standards, certified drivers, and real-time monitoring.","robots":{"index":"index","follow":"follow","max-snippet":"max-snippet:-1","max-image-preview":"max-image-preview:large","max-video-preview":"max-video-preview:-1"},"canonical":"https:\/\/colegiobenedictino.edu.co\/en\/transport\/","og_locale":"en_US","og_type":"article","og_title":"Transporte - Colegio Benedictino","og_description":"Tus hijos viajan seguros. Ofrecemos servicios de transporte con altos est\u00e1ndares, conductores certificados y monitoreo en tiempo real.","og_url":"https:\/\/colegiobenedictino.edu.co\/en\/transport\/","og_site_name":"Colegio Benedictino","article_publisher":"https:\/\/www.facebook.com\/colegiobenedictino?tsid=0.28463760125801607&source=result","article_modified_time":"2026-04-23T18:49:52+00:00","og_image":[{"width":1937,"height":941,"url":"https:\/\/colegiobenedictino.edu.co\/wp-content\/uploads\/2025\/10\/8287a-transporte-1.jpg","type":"image\/jpeg"}],"twitter_card":"summary_large_image","twitter_misc":{"Est. reading time":"3 minutes"},"schema":{"@context":"https:\/\/schema.org","@graph":[{"@type":"WebPage","@id":"https:\/\/colegiobenedictino.edu.co\/transporte\/","url":"https:\/\/colegiobenedictino.edu.co\/transporte\/","name":"Transportation - Benedictine College","isPartOf":{"@id":"https:\/\/colegiobenedictino.edu.co\/#website"},"primaryImageOfPage":{"@id":"https:\/\/colegiobenedictino.edu.co\/transporte\/#primaryimage"},"image":{"@id":"https:\/\/colegiobenedictino.edu.co\/transporte\/#primaryimage"},"thumbnailUrl":"https:\/\/colegiobenedictino.edu.co\/wp-content\/uploads\/2025\/10\/8287a-transporte-1.jpg","datePublished":"2021-08-12T15:47:07+00:00","dateModified":"2026-04-23T18:49:52+00:00","description":"Your children travel safely. We offer transportation services with high standards, certified drivers, and real-time monitoring.","breadcrumb":{"@id":"https:\/\/colegiobenedictino.edu.co\/transporte\/#breadcrumb"},"inLanguage":"en-US","potentialAction":[{"@type":"ReadAction","target":["https:\/\/colegiobenedictino.edu.co\/transporte\/"]}]},{"@type":"ImageObject","inLanguage":"en-US","@id":"https:\/\/colegiobenedictino.edu.co\/transporte\/#primaryimage","url":"https:\/\/colegiobenedictino.edu.co\/wp-content\/uploads\/2025\/10\/8287a-transporte-1.jpg","contentUrl":"https:\/\/colegiobenedictino.edu.co\/wp-content\/uploads\/2025\/10\/8287a-transporte-1.jpg","width":1937,"height":941},{"@type":"BreadcrumbList","@id":"https:\/\/colegiobenedictino.edu.co\/transporte\/#breadcrumb","itemListElement":[{"@type":"ListItem","position":1,"name":"Portada","item":"https:\/\/colegiobenedictino.edu.co\/"},{"@type":"ListItem","position":2,"name":"Transporte"}]},{"@type":"WebSite","@id":"https:\/\/colegiobenedictino.edu.co\/#website","url":"https:\/\/colegiobenedictino.edu.co\/","name":"Benedictine School","description":"St Mary Benedictine School","publisher":{"@id":"https:\/\/colegiobenedictino.edu.co\/#organization"},"potentialAction":[{"@type":"SearchAction","target":{"@type":"EntryPoint","urlTemplate":"https:\/\/colegiobenedictino.edu.co\/?s={search_term_string}"},"query-input":{"@type":"PropertyValueSpecification","valueRequired":true,"valueName":"search_term_string"}}],"inLanguage":"en-US"},{"@type":"Organization","@id":"https:\/\/colegiobenedictino.edu.co\/#organization","name":"Benedictine School","url":"https:\/\/colegiobenedictino.edu.co\/","logo":{"@type":"ImageObject","inLanguage":"en-US","@id":"https:\/\/colegiobenedictino.edu.co\/#\/schema\/logo\/image\/","url":"https:\/\/colegiobenedictino.edu.co\/wp-content\/uploads\/2026\/03\/Mesa-de-trabajo-1.png","contentUrl":"https:\/\/colegiobenedictino.edu.co\/wp-content\/uploads\/2026\/03\/Mesa-de-trabajo-1.png","width":851,"height":851,"caption":"Colegio Benedictino"},"image":{"@id":"https:\/\/colegiobenedictino.edu.co\/#\/schema\/logo\/image\/"},"sameAs":["https:\/\/www.facebook.com\/colegiobenedictino?tsid=0.28463760125801607&source=result","https:\/\/www.instagram.com\/benedictinos\/"]}]}},"jetpack_likes_enabled":true,"jetpack_sharing_enabled":true,"jetpack_shortlink":"https:\/\/wp.me\/PgQAXK-rK","jetpack-related-posts":[],"_links":{"self":[{"href":"https:\/\/colegiobenedictino.edu.co\/en\/wp-json\/wp\/v2\/pages\/1720","targetHints":{"allow":["GET"]}}],"collection":[{"href":"https:\/\/colegiobenedictino.edu.co\/en\/wp-json\/wp\/v2\/pages"}],"about":[{"href":"https:\/\/colegiobenedictino.edu.co\/en\/wp-json\/wp\/v2\/types\/page"}],"author":[{"embeddable":true,"href":"https:\/\/colegiobenedictino.edu.co\/en\/wp-json\/wp\/v2\/users\/272175875"}],"replies":[{"embeddable":true,"href":"https:\/\/colegiobenedictino.edu.co\/en\/wp-json\/wp\/v2\/comments?post=1720"}],"version-history":[{"count":22,"href":"https:\/\/colegiobenedictino.edu.co\/en\/wp-json\/wp\/v2\/pages\/1720\/revisions"}],"predecessor-version":[{"id":7938,"href":"https:\/\/colegiobenedictino.edu.co\/en\/wp-json\/wp\/v2\/pages\/1720\/revisions\/7938"}],"wp:featuredmedia":[{"embeddable":true,"href":"https:\/\/colegiobenedictino.edu.co\/en\/wp-json\/wp\/v2\/media\/1724"}],"wp:attachment":[{"href":"https:\/\/colegiobenedictino.edu.co\/en\/wp-json\/wp\/v2\/media?parent=1720"}],"curies":[{"name":"wp","href":"https:\/\/api.w.org\/{rel}","templated":true}]}}