{"id":187,"date":"2021-06-03T16:49:05","date_gmt":"2021-06-03T16:49:05","guid":{"rendered":"http:\/\/benedictino.6gradosdigital.com\/?page_id=187"},"modified":"2026-04-23T13:55:36","modified_gmt":"2026-04-23T18:55:36","slug":"contact","status":"publish","type":"page","link":"https:\/\/colegiobenedictino.edu.co\/en\/contacto\/","title":{"rendered":"Contact Us"},"content":{"rendered":"<div class=\"wpb-content-wrapper\"><div class=\"vc_row wpb_row vc_row-fluid\"><div class=\"wpb_column vc_column_container vc_col-sm-12\"><div class=\"vc_column-inner\"><div class=\"wpb_wrapper\">\n\t<div class=\"wpb_text_column wpb_content_element  vc_custom_1763012510077\" >\n\t\t<div class=\"wpb_wrapper\">\n\t\t\t<p>At Santa Mar\u00eda Benedictine School, we are committed to the continuous improvement of our processes. Therefore, we appreciate your feedback on your experience with our institution.<\/p>\n<p>If you have any PQR (Petitions, Complaints, Suggestions, or Requests), you can contact us through this channel or call us at 5605580. Our business hours are Monday to Friday from 6:30 a.m. to 3:30 p.m.<\/p>\n\n\t\t<\/div>\n\t<\/div>\n<\/div><\/div><\/div><\/div><div class=\"vc_row wpb_row vc_row-fluid vc_custom_1763012477520\"><div class=\"wpb_column vc_column_container vc_col-sm-12 vc_col-lg-6 vc_col-md-7 vc_col-xs-12\"><div class=\"vc_column-inner vc_custom_1763328714159\"><div class=\"wpb_wrapper\">\n\t<div class=\"wpb_video_widget wpb_content_element vc_clearfix   vc_video-aspect-ratio-169 vc_video-el-width-100 vc_video-align-left\" >\n\t\t<div class=\"wpb_wrapper\">\n\t\t\t\n\t\t\t<div class=\"wpb_video_wrapper\"><span class=\"embed-youtube\" style=\"text-align:center; display: block;\"><iframe loading=\"lazy\" class=\"youtube-player\" width=\"1200\" height=\"675\" src=\"https:\/\/www.youtube.com\/embed\/7XsCZRS0BpQ?version=3&#038;rel=1&#038;showsearch=0&#038;showinfo=1&#038;iv_load_policy=1&#038;fs=1&#038;hl=en-US&#038;autohide=2&#038;start=135&#038;wmode=transparent\" allowfullscreen=\"true\" style=\"border:0;\" sandbox=\"allow-scripts allow-same-origin allow-popups allow-presentation allow-popups-to-escape-sandbox\"><\/iframe><\/span><\/div>\n\t\t<\/div>\n\t<\/div>\n<div class=\"vc_row wpb_row vc_inner vc_row-fluid vc_custom_1498572805259 vc_row-o-equal-height vc_row-flex\"><div class=\"wpb_column vc_column_container vc_col-sm-6\"><div class=\"vc_column-inner vc_custom_1475919323336\"><div class=\"wpb_wrapper\"><div class=\"aio-icon-component  vc_custom_1763010357222  accent-icon-bg color-title style_1\"><div id=\"Info-box-wrap-1712\" class=\"aio-icon-box left-icon\" style=\"\"  ><div class=\"aio-icon-left\"><div class=\"ult-just-icon-wrapper\"><div class=\"align-icon\" style=\"text-align:center;\">\n<div class=\"aio-icon advanced\"  style=\"color:#ffffff;border-style:;border-color:#333333;border-width:1px;width:34px;height:34px;line-height:34px;border-radius:500px;font-size:16px;display:inline-block;\">\n\t<i class=\"icomoon-icomoonfree-16x16-office\"><\/i>\n<\/div><\/div><\/div><\/div><div class=\"aio-ibd-block\"><div class=\"aio-icon-description ult-responsive\"  data-ultimate-target='#Info-box-wrap-1712 .aio-icon-description'  data-responsive-json-new='{\"font-size\":\"desktop:18px;\",\"line-height\":\"desktop:24px;\"}'  style=\"font-family:&#039;Open Sans Condensed&#039;;font-weight:700;\">24 South Street -39-36 Loma de los Benedictinos, Envigado, Antioquia.<\/div> <!-- description --><\/div> <!-- aio-ibd-block --><\/div> <!-- aio-icon-box --><\/div> <!-- aio-icon-component --><\/div><\/div><\/div><div class=\"wpb_column vc_column_container vc_col-sm-6\"><div class=\"vc_column-inner vc_custom_1475919331923\"><div class=\"wpb_wrapper\"><div class=\"aio-icon-component  vc_custom_1763010495940  accent-icon-bg color-title style_1\"><div id=\"Info-box-wrap-6362\" class=\"aio-icon-box left-icon\" style=\"\"  ><div class=\"aio-icon-left\"><div class=\"ult-just-icon-wrapper\"><div class=\"align-icon\" style=\"text-align:center;\">\n<div class=\"aio-icon advanced\"  style=\"color:#ffffff;border-style:;border-color:#333333;border-width:1px;width:34px;height:34px;line-height:34px;border-radius:500px;font-size:16px;display:inline-block;\">\n\t<i class=\"icomoon-icomoonfree-16x16-mobile\"><\/i>\n<\/div><\/div><\/div><\/div><div class=\"aio-ibd-block\"><div class=\"aio-icon-description ult-responsive\"  data-ultimate-target='#Info-box-wrap-6362 .aio-icon-description'  data-responsive-json-new='{\"font-size\":\"desktop:18px;\",\"line-height\":\"desktop:24px;\"}'  style=\"font-family:&#039;Open Sans Condensed&#039;;font-weight:700;\">604 560 5580<\/div> <!-- description --><\/div> <!-- aio-ibd-block --><\/div> <!-- aio-icon-box --><\/div> <!-- aio-icon-component --><\/div><\/div><\/div><div class=\"wpb_column vc_column_container vc_col-sm-6\"><div class=\"vc_column-inner vc_custom_1475919340203\"><div class=\"wpb_wrapper\"><div class=\"aio-icon-component  vc_custom_1771267881577  accent-icon-bg color-title style_1\"><div id=\"Info-box-wrap-1833\" class=\"aio-icon-box left-icon\" style=\"\"  ><div class=\"aio-icon-left\"><div class=\"ult-just-icon-wrapper\"><div class=\"align-icon\" style=\"text-align:center;\">\n<div class=\"aio-icon advanced\"  style=\"color:#ffffff;border-style:;border-color:#333333;border-width:1px;width:34px;height:34px;line-height:34px;border-radius:500px;font-size:16px;display:inline-block;\">\n\t<i class=\"icomoon-icomoonfree-16x16-pencil\"><\/i>\n<\/div><\/div><\/div><\/div><div class=\"aio-ibd-block\"><div class=\"aio-icon-description ult-responsive\"  data-ultimate-target='#Info-box-wrap-1833 .aio-icon-description'  data-responsive-json-new='{\"font-size\":\"desktop:18px;\",\"line-height\":\"desktop:24px;\"}'  style=\"font-family:&#039;Open Sans Condensed&#039;;font-weight:700;\">teescuchamos@colegiobenedictino.edu.co<\/div> <!-- description --><\/div> <!-- aio-ibd-block --><\/div> <!-- aio-icon-box --><\/div> <!-- aio-icon-component --><\/div><\/div><\/div><div class=\"wpb_column vc_column_container vc_col-sm-6\"><div class=\"vc_column-inner vc_custom_1498823671287\"><div class=\"wpb_wrapper\"><\/div><\/div><\/div><\/div>\n\t<div class=\"wpb_raw_code wpb_raw_html wpb_content_element\" >\n\t\t<div class=\"wpb_wrapper\">\n\t\t\t<iframe src=\"https:\/\/www.google.com\/maps\/embed?pb=!1m18!1m12!1m3!1d2432.6651790326623!2d-75.57466819999999!3d6.179084299999999!2m3!1f0!2f0!3f0!3m2!1i1024!2i768!4f13.1!3m3!1m2!1s0x8e4682588eb358ab%3A0x90e7723500bf1473!2sColegio%20Benedictino%20de%20Santa%20Mar%C3%ADa!5e1!3m2!1ses!2sco!4v1763010228612!5m2!1ses!2sco\" width=\"600\" height=\"330\" style=\"border:0;\" allowfullscreen=\"\" loading=\"lazy\" referrerpolicy=\"no-referrer-when-downgrade\"><\/iframe>\n\t\t<\/div>\n\t<\/div>\n<\/div><\/div><\/div><div class=\"wpb_column vc_column_container vc_col-sm-12 vc_col-lg-6 vc_col-md-5 vc_col-xs-12 vc_col-has-fill\"><div class=\"vc_column-inner vc_custom_1763328731094\"><div class=\"wpb_wrapper\"><div id=\"ultimate-heading-206669eba66a7cefa\" class=\"uvc-heading ult-adjust-bottom-margin ultimate-heading-206669eba66a7cefa uvc-1531\" data-hspacer=\"no_spacer\"  data-halign=\"left\" style=\"text-align:left\"><div class=\"uvc-heading-spacer no_spacer\" style=\"top\"><\/div><div class=\"uvc-main-heading ult-responsive\"  data-ultimate-target='.uvc-heading.ultimate-heading-206669eba66a7cefa h2'  data-responsive-json-new='{\"font-size\":\"desktop:26px;\",\"line-height\":\"desktop:32px;\"}' ><h2 style=\"font-weight:bold;margin-bottom:30px;\">Formulario:<\/h2><\/div><\/div>\n<div class=\"wpcf7 no-js\" id=\"wpcf7-f6494-o1\" lang=\"en-US\" dir=\"ltr\" data-wpcf7-id=\"6494\">\n<div class=\"screen-reader-response\"><p role=\"status\" aria-live=\"polite\" aria-atomic=\"true\"><\/p> <ul><\/ul><\/div>\n<form action=\"\/en\/wp-json\/wp\/v2\/pages\/187#wpcf7-f6494-o1\" method=\"post\" class=\"wpcf7-form init\" aria-label=\"Contact form\" novalidate=\"novalidate\" data-status=\"init\" data-trp-original-action=\"\/en\/wp-json\/wp\/v2\/pages\/187#wpcf7-f6494-o1\">\n<fieldset class=\"hidden-fields-container\"><input type=\"hidden\" name=\"_wpcf7\" value=\"6494\" \/><input type=\"hidden\" name=\"_wpcf7_version\" value=\"6.1.5\" \/><input type=\"hidden\" name=\"_wpcf7_locale\" value=\"en_US\" \/><input type=\"hidden\" name=\"_wpcf7_unit_tag\" value=\"wpcf7-f6494-o1\" \/><input type=\"hidden\" name=\"_wpcf7_container_post\" value=\"0\" \/><input type=\"hidden\" name=\"_wpcf7_posted_data_hash\" value=\"\" \/>\n<\/fieldset>\n<p><label> Your Name (required)<br \/>\n<span class=\"wpcf7-form-control-wrap\" data-name=\"your-name\"><input size=\"40\" maxlength=\"400\" class=\"wpcf7-form-control wpcf7-text wpcf7-validates-as-required\" aria-required=\"true\" aria-invalid=\"false\" value=\"\" type=\"text\" name=\"your-name\" \/><\/span> <\/label>\n<\/p>\n<p><label> Email (required)<br \/>\n<span class=\"wpcf7-form-control-wrap\" data-name=\"your-email\"><input size=\"40\" maxlength=\"400\" class=\"wpcf7-form-control wpcf7-email wpcf7-validates-as-required wpcf7-text wpcf7-validates-as-email\" aria-required=\"true\" aria-invalid=\"false\" value=\"\" type=\"email\" name=\"your-email\" \/><\/span> <\/label>\n<\/p>\n<p><label> You are<br \/>\n<span class=\"wpcf7-form-control-wrap\" data-name=\"select-213\"><select class=\"wpcf7-form-control wpcf7-select\" aria-invalid=\"false\" name=\"select-213\"><option value=\"\">You are<\/option><option value=\"Padre de Familia\">Family Guy<\/option><option value=\"Estudiante\">Student<\/option><option value=\"Docente o Empleado\">Teacher or Employee<\/option><option value=\"Visitante\">Visitor<\/option><option value=\"Proveedor\">Provider<\/option><\/select><\/span> <\/label>\n<\/p>\n<p><label> Message<br \/>\n<span class=\"wpcf7-form-control-wrap\" data-name=\"your-message\"><textarea cols=\"40\" rows=\"10\" maxlength=\"2000\" class=\"wpcf7-form-control wpcf7-textarea\" aria-invalid=\"false\" name=\"your-message\"><\/textarea><\/span> <\/label>\n<\/p>\n<p><span class=\"wpcf7-form-control-wrap\" data-name=\"acceptance-537\"><span class=\"wpcf7-form-control wpcf7-acceptance optional\"><span class=\"wpcf7-list-item\"><label><input type=\"checkbox\" name=\"acceptance-537\" value=\"1\" aria-invalid=\"false\" \/><span class=\"wpcf7-list-item-label\">Checking this box and completing this form will be understood as unequivocal conduct that you grant your consent freely, voluntarily, and expressly for the processing of your personal information in accordance with what is described in our contact privacy notice.<\/span><\/label><\/span><\/span><\/span>\n<\/p>\n<p><input class=\"wpcf7-form-control wpcf7-submit has-spinner\" type=\"submit\" value=\"Send\" \/>\n<\/p><p style=\"display: none !important;\" class=\"akismet-fields-container\" data-prefix=\"_wpcf7_ak_\"><label>Delta<textarea name=\"_wpcf7_ak_hp_textarea\" cols=\"45\" rows=\"8\" maxlength=\"100\"><\/textarea><\/label><input type=\"hidden\" id=\"ak_js_1\" name=\"_wpcf7_ak_js\" value=\"101\"\/><script>\ndocument.getElementById( \"ak_js_1\" ).setAttribute( \"value\", ( new Date() ).getTime() );\n<\/script>\n<\/p><div class=\"wpcf7-response-output\" aria-hidden=\"true\"><\/div>\n<input type=\"hidden\" name=\"trp-form-language\" value=\"en\"\/><\/form>\n<\/div>\n<\/div><\/div><\/div><\/div><div class=\"vc_row wpb_row vc_row-fluid\"><div class=\"wpb_column vc_column_container vc_col-sm-12\"><div class=\"vc_column-inner\"><div class=\"wpb_wrapper\">\n\t<div  class=\"wpb_single_image wpb_content_element vc_align_center\">\n\t\t\n\t\t<figure class=\"wpb_wrapper vc_figure\">\n\t\t\t<a href=\"https:\/\/colegiobenedictino.dataprotected.co\/#channels\" target=\"_blank\"  class=\"vc_single_image-wrapper   vc_box_border_grey rollover\"   ><img data-recalc-dims=\"1\" loading=\"lazy\" decoding=\"async\" width=\"300\" height=\"134\" src=\"https:\/\/i0.wp.com\/colegiobenedictino.edu.co\/wp-content\/uploads\/2025\/11\/proteccion_datos_personales.png?resize=300%2C134&#038;ssl=1\" class=\"vc_single_image-img attachment-medium\" alt=\"\" title=\"personal_data_protection\" srcset=\"https:\/\/i0.wp.com\/colegiobenedictino.edu.co\/wp-content\/uploads\/2025\/11\/proteccion_datos_personales.png?resize=300%2C134&amp;ssl=1 300w, https:\/\/i0.wp.com\/colegiobenedictino.edu.co\/wp-content\/uploads\/2025\/11\/proteccion_datos_personales.png?resize=150%2C67&amp;ssl=1 150w, https:\/\/i0.wp.com\/colegiobenedictino.edu.co\/wp-content\/uploads\/2025\/11\/proteccion_datos_personales.png?w=674&amp;ssl=1 674w\" sizes=\"auto, (max-width: 300px) 100vw, 300px\" data-attachment-id=\"7282\" data-permalink=\"https:\/\/colegiobenedictino.edu.co\/en\/proteccion_datos_personales\/\" data-orig-file=\"https:\/\/colegiobenedictino.edu.co\/wp-content\/uploads\/2025\/11\/proteccion_datos_personales.png\" data-orig-size=\"674,300\" data-comments-opened=\"0\" data-image-meta=\"{&quot;aperture&quot;:&quot;0&quot;,&quot;credit&quot;:&quot;&quot;,&quot;camera&quot;:&quot;&quot;,&quot;caption&quot;:&quot;&quot;,&quot;created_timestamp&quot;:&quot;0&quot;,&quot;copyright&quot;:&quot;&quot;,&quot;focal_length&quot;:&quot;0&quot;,&quot;iso&quot;:&quot;0&quot;,&quot;shutter_speed&quot;:&quot;0&quot;,&quot;title&quot;:&quot;&quot;,&quot;orientation&quot;:&quot;0&quot;}\" data-image-title=\"proteccion_datos_personales\" data-image-description=\"\" data-image-caption=\"\" data-large-file=\"https:\/\/colegiobenedictino.edu.co\/wp-content\/uploads\/2025\/11\/proteccion_datos_personales.png\"  data-dt-location=\"https:\/\/colegiobenedictino.edu.co\/en\/proteccion_datos_personales\/\" \/><\/a>\n\t\t<\/figure>\n\t<\/div>\n<\/div><\/div><\/div><\/div><div data-vc-full-width=\"true\" data-vc-full-width-temp=\"true\" data-vc-full-width-init=\"false\" class=\"vc_row wpb_row vc_row-fluid\"><div class=\"wpb_column vc_column_container vc_col-sm-12\"><div class=\"vc_column-inner\"><div class=\"wpb_wrapper\"><div class=\"vc_empty_space\"   style=\"height: 600px\"><span class=\"vc_empty_space_inner\"><\/span><\/div><\/div><\/div><\/div><\/div><div class=\"vc_row-full-width vc_clearfix\"><\/div><!-- Row Backgrounds --><div class=\"upb_content_iframe\" data-controls=\"\" data-viewport-video=\"false\" data-ultimate-video=\"https:\/\/www.youtube.com\/watch?v=7XsCZRS0BpQ&amp;t=1s\" data-bg-override=\"ex-full\" data-start-time=\"16\" data-stop-time=\"\" data-ultimate-video-muted=\"muted\" data-ultimate-video-loop=\"loop\" data-ultimate-video-poster=\"https:\/\/colegiobenedictino.edu.co\/wp-content\/uploads\/2025\/10\/colegio_bilingue_privado_envigado_medellin_antioquia_colombia.jpg\" data-upb-overlay-color=\"\" data-upb-bg-animation=\"\" data-fadeout=\"\" data-fadeout-percentage=\"30\"  data-parallax-content=\"\" data-parallax-content-sense=\"30\" data-row-effect-mobile-disable=\"true\" data-img-parallax-mobile-disable=\"true\" data-rtl=\"false\"  data-custom-vc-row=\"\"  data-vc=\"8.7.2\"  data-is_old_vc=\"\"  data-theme-support=\"\"   data-overlay=\"false\" data-overlay-color=\"\" data-overlay-pattern=\"\" data-overlay-pattern-opacity=\"\" data-overlay-pattern-size=\"\"     data-video_fixer=\"true\"><\/div>\n<\/div>","protected":false},"excerpt":{"rendered":"<p>En el Colegio Benedictino de Santa Mar\u00eda estamos comprometidos con el mejoramiento continuo de nuestros procesos. Por eso, agradecemos su retroalimentaci\u00f3n sobre la experiencia que ha tenido con nuestra instituci\u00f3n. Si tiene alguna PQRS, puede comunicarse con nosotros por este medio o llamarnos al 5605580. Nuestro horario de atenci\u00f3n es de lunes a viernes desde&hellip;<\/p>","protected":false},"author":272175875,"featured_media":1228,"parent":0,"menu_order":0,"comment_status":"closed","ping_status":"closed","template":"","meta":{"footnotes":"","big_sky_generated":false},"class_list":["post-187","page","type-page","status-publish","has-post-thumbnail","hentry","description-off"],"yoast_head":"<!-- This site is optimized with the Yoast SEO plugin v27.4 - https:\/\/yoast.com\/product\/yoast-seo-wordpress\/ -->\n<title>Contacto - Colegio Benedictino<\/title>\n<meta name=\"description\" content=\"Cont\u00e1ctanos a trav\u00e9s de los correos electr\u00f3nicos y l\u00edneas de atenci\u00f3n para toda nuestra comunidad educativa. \u00a1Hablemos!\" \/>\n<meta name=\"robots\" content=\"index, follow, max-snippet:-1, max-image-preview:large, max-video-preview:-1\" \/>\n<link rel=\"canonical\" href=\"https:\/\/colegiobenedictino.edu.co\/en\/contact\/\" \/>\n<meta property=\"og:locale\" content=\"en_US\" \/>\n<meta property=\"og:type\" content=\"article\" \/>\n<meta property=\"og:title\" content=\"Contacto - Colegio Benedictino\" \/>\n<meta property=\"og:description\" content=\"Cont\u00e1ctanos a trav\u00e9s de los correos electr\u00f3nicos y l\u00edneas de atenci\u00f3n para toda nuestra comunidad educativa. \u00a1Hablemos!\" \/>\n<meta property=\"og:url\" content=\"https:\/\/colegiobenedictino.edu.co\/en\/contact\/\" \/>\n<meta property=\"og:site_name\" content=\"Colegio Benedictino\" \/>\n<meta property=\"article:publisher\" content=\"https:\/\/www.facebook.com\/colegiobenedictino?tsid=0.28463760125801607&amp;source=result\" \/>\n<meta property=\"article:modified_time\" content=\"2026-04-23T18:55:36+00:00\" \/>\n<meta property=\"og:image\" content=\"https:\/\/colegiobenedictino.edu.co\/wp-content\/uploads\/2025\/10\/f3feb-colegio-e1625694004194.jpg\" \/>\n\t<meta property=\"og:image:width\" content=\"1912\" \/>\n\t<meta property=\"og:image:height\" content=\"905\" \/>\n\t<meta property=\"og:image:type\" content=\"image\/jpeg\" \/>\n<meta name=\"twitter:card\" content=\"summary_large_image\" \/>\n<meta name=\"twitter:label1\" content=\"Est. reading time\" \/>\n\t<meta name=\"twitter:data1\" content=\"2 minutes\" \/>\n<script type=\"application\/ld+json\" class=\"yoast-schema-graph\">{\"@context\":\"https:\\\/\\\/schema.org\",\"@graph\":[{\"@type\":\"WebPage\",\"@id\":\"https:\\\/\\\/colegiobenedictino.edu.co\\\/contacto\\\/\",\"url\":\"https:\\\/\\\/colegiobenedictino.edu.co\\\/contacto\\\/\",\"name\":\"Contacto - Colegio Benedictino\",\"isPartOf\":{\"@id\":\"https:\\\/\\\/colegiobenedictino.edu.co\\\/#website\"},\"primaryImageOfPage\":{\"@id\":\"https:\\\/\\\/colegiobenedictino.edu.co\\\/contacto\\\/#primaryimage\"},\"image\":{\"@id\":\"https:\\\/\\\/colegiobenedictino.edu.co\\\/contacto\\\/#primaryimage\"},\"thumbnailUrl\":\"https:\\\/\\\/colegiobenedictino.edu.co\\\/wp-content\\\/uploads\\\/2025\\\/10\\\/f3feb-colegio-e1625694004194.jpg\",\"datePublished\":\"2021-06-03T16:49:05+00:00\",\"dateModified\":\"2026-04-23T18:55:36+00:00\",\"description\":\"Cont\u00e1ctanos a trav\u00e9s de los correos electr\u00f3nicos y l\u00edneas de atenci\u00f3n para toda nuestra comunidad educativa. \u00a1Hablemos!\",\"breadcrumb\":{\"@id\":\"https:\\\/\\\/colegiobenedictino.edu.co\\\/contacto\\\/#breadcrumb\"},\"inLanguage\":\"en-US\",\"potentialAction\":[{\"@type\":\"ReadAction\",\"target\":[\"https:\\\/\\\/colegiobenedictino.edu.co\\\/contacto\\\/\"]}]},{\"@type\":\"ImageObject\",\"inLanguage\":\"en-US\",\"@id\":\"https:\\\/\\\/colegiobenedictino.edu.co\\\/contacto\\\/#primaryimage\",\"url\":\"https:\\\/\\\/colegiobenedictino.edu.co\\\/wp-content\\\/uploads\\\/2025\\\/10\\\/f3feb-colegio-e1625694004194.jpg\",\"contentUrl\":\"https:\\\/\\\/colegiobenedictino.edu.co\\\/wp-content\\\/uploads\\\/2025\\\/10\\\/f3feb-colegio-e1625694004194.jpg\",\"width\":1912,\"height\":905},{\"@type\":\"BreadcrumbList\",\"@id\":\"https:\\\/\\\/colegiobenedictino.edu.co\\\/contacto\\\/#breadcrumb\",\"itemListElement\":[{\"@type\":\"ListItem\",\"position\":1,\"name\":\"Portada\",\"item\":\"https:\\\/\\\/colegiobenedictino.edu.co\\\/\"},{\"@type\":\"ListItem\",\"position\":2,\"name\":\"Contacto\"}]},{\"@type\":\"WebSite\",\"@id\":\"https:\\\/\\\/colegiobenedictino.edu.co\\\/#website\",\"url\":\"https:\\\/\\\/colegiobenedictino.edu.co\\\/\",\"name\":\"Colegio Benedictino\",\"description\":\"Colegio Benedictino de Santa Mar\u00eda\",\"publisher\":{\"@id\":\"https:\\\/\\\/colegiobenedictino.edu.co\\\/#organization\"},\"potentialAction\":[{\"@type\":\"SearchAction\",\"target\":{\"@type\":\"EntryPoint\",\"urlTemplate\":\"https:\\\/\\\/colegiobenedictino.edu.co\\\/?s={search_term_string}\"},\"query-input\":{\"@type\":\"PropertyValueSpecification\",\"valueRequired\":true,\"valueName\":\"search_term_string\"}}],\"inLanguage\":\"en-US\"},{\"@type\":\"Organization\",\"@id\":\"https:\\\/\\\/colegiobenedictino.edu.co\\\/#organization\",\"name\":\"Colegio Benedictino\",\"url\":\"https:\\\/\\\/colegiobenedictino.edu.co\\\/\",\"logo\":{\"@type\":\"ImageObject\",\"inLanguage\":\"en-US\",\"@id\":\"https:\\\/\\\/colegiobenedictino.edu.co\\\/#\\\/schema\\\/logo\\\/image\\\/\",\"url\":\"https:\\\/\\\/colegiobenedictino.edu.co\\\/wp-content\\\/uploads\\\/2026\\\/03\\\/Mesa-de-trabajo-1.png\",\"contentUrl\":\"https:\\\/\\\/colegiobenedictino.edu.co\\\/wp-content\\\/uploads\\\/2026\\\/03\\\/Mesa-de-trabajo-1.png\",\"width\":851,\"height\":851,\"caption\":\"Colegio Benedictino\"},\"image\":{\"@id\":\"https:\\\/\\\/colegiobenedictino.edu.co\\\/#\\\/schema\\\/logo\\\/image\\\/\"},\"sameAs\":[\"https:\\\/\\\/www.facebook.com\\\/colegiobenedictino?tsid=0.28463760125801607&source=result\",\"https:\\\/\\\/www.instagram.com\\\/benedictinos\\\/\"]}]}<\/script>\n<!-- \/ Yoast SEO plugin. -->","yoast_head_json":{"title":"Contact - Benedictine School","description":"Contact us through email and support lines for our entire educational community. Let's talk!","robots":{"index":"index","follow":"follow","max-snippet":"max-snippet:-1","max-image-preview":"max-image-preview:large","max-video-preview":"max-video-preview:-1"},"canonical":"https:\/\/colegiobenedictino.edu.co\/en\/contact\/","og_locale":"en_US","og_type":"article","og_title":"Contacto - Colegio Benedictino","og_description":"Cont\u00e1ctanos a trav\u00e9s de los correos electr\u00f3nicos y l\u00edneas de atenci\u00f3n para toda nuestra comunidad educativa. \u00a1Hablemos!","og_url":"https:\/\/colegiobenedictino.edu.co\/en\/contact\/","og_site_name":"Colegio Benedictino","article_publisher":"https:\/\/www.facebook.com\/colegiobenedictino?tsid=0.28463760125801607&source=result","article_modified_time":"2026-04-23T18:55:36+00:00","og_image":[{"width":1912,"height":905,"url":"https:\/\/colegiobenedictino.edu.co\/wp-content\/uploads\/2025\/10\/f3feb-colegio-e1625694004194.jpg","type":"image\/jpeg"}],"twitter_card":"summary_large_image","twitter_misc":{"Est. reading time":"2 minutes"},"schema":{"@context":"https:\/\/schema.org","@graph":[{"@type":"WebPage","@id":"https:\/\/colegiobenedictino.edu.co\/contacto\/","url":"https:\/\/colegiobenedictino.edu.co\/contacto\/","name":"Contact - Benedictine School","isPartOf":{"@id":"https:\/\/colegiobenedictino.edu.co\/#website"},"primaryImageOfPage":{"@id":"https:\/\/colegiobenedictino.edu.co\/contacto\/#primaryimage"},"image":{"@id":"https:\/\/colegiobenedictino.edu.co\/contacto\/#primaryimage"},"thumbnailUrl":"https:\/\/colegiobenedictino.edu.co\/wp-content\/uploads\/2025\/10\/f3feb-colegio-e1625694004194.jpg","datePublished":"2021-06-03T16:49:05+00:00","dateModified":"2026-04-23T18:55:36+00:00","description":"Contact us through email and support lines for our entire educational community. Let's talk!","breadcrumb":{"@id":"https:\/\/colegiobenedictino.edu.co\/contacto\/#breadcrumb"},"inLanguage":"en-US","potentialAction":[{"@type":"ReadAction","target":["https:\/\/colegiobenedictino.edu.co\/contacto\/"]}]},{"@type":"ImageObject","inLanguage":"en-US","@id":"https:\/\/colegiobenedictino.edu.co\/contacto\/#primaryimage","url":"https:\/\/colegiobenedictino.edu.co\/wp-content\/uploads\/2025\/10\/f3feb-colegio-e1625694004194.jpg","contentUrl":"https:\/\/colegiobenedictino.edu.co\/wp-content\/uploads\/2025\/10\/f3feb-colegio-e1625694004194.jpg","width":1912,"height":905},{"@type":"BreadcrumbList","@id":"https:\/\/colegiobenedictino.edu.co\/contacto\/#breadcrumb","itemListElement":[{"@type":"ListItem","position":1,"name":"Portada","item":"https:\/\/colegiobenedictino.edu.co\/"},{"@type":"ListItem","position":2,"name":"Contacto"}]},{"@type":"WebSite","@id":"https:\/\/colegiobenedictino.edu.co\/#website","url":"https:\/\/colegiobenedictino.edu.co\/","name":"Benedictine School","description":"St Mary Benedictine School","publisher":{"@id":"https:\/\/colegiobenedictino.edu.co\/#organization"},"potentialAction":[{"@type":"SearchAction","target":{"@type":"EntryPoint","urlTemplate":"https:\/\/colegiobenedictino.edu.co\/?s={search_term_string}"},"query-input":{"@type":"PropertyValueSpecification","valueRequired":true,"valueName":"search_term_string"}}],"inLanguage":"en-US"},{"@type":"Organization","@id":"https:\/\/colegiobenedictino.edu.co\/#organization","name":"Benedictine School","url":"https:\/\/colegiobenedictino.edu.co\/","logo":{"@type":"ImageObject","inLanguage":"en-US","@id":"https:\/\/colegiobenedictino.edu.co\/#\/schema\/logo\/image\/","url":"https:\/\/colegiobenedictino.edu.co\/wp-content\/uploads\/2026\/03\/Mesa-de-trabajo-1.png","contentUrl":"https:\/\/colegiobenedictino.edu.co\/wp-content\/uploads\/2026\/03\/Mesa-de-trabajo-1.png","width":851,"height":851,"caption":"Colegio Benedictino"},"image":{"@id":"https:\/\/colegiobenedictino.edu.co\/#\/schema\/logo\/image\/"},"sameAs":["https:\/\/www.facebook.com\/colegiobenedictino?tsid=0.28463760125801607&source=result","https:\/\/www.instagram.com\/benedictinos\/"]}]}},"jetpack_likes_enabled":true,"jetpack_sharing_enabled":true,"jetpack_shortlink":"https:\/\/wp.me\/PgQAXK-31","jetpack-related-posts":[],"_links":{"self":[{"href":"https:\/\/colegiobenedictino.edu.co\/en\/wp-json\/wp\/v2\/pages\/187","targetHints":{"allow":["GET"]}}],"collection":[{"href":"https:\/\/colegiobenedictino.edu.co\/en\/wp-json\/wp\/v2\/pages"}],"about":[{"href":"https:\/\/colegiobenedictino.edu.co\/en\/wp-json\/wp\/v2\/types\/page"}],"author":[{"embeddable":true,"href":"https:\/\/colegiobenedictino.edu.co\/en\/wp-json\/wp\/v2\/users\/272175875"}],"replies":[{"embeddable":true,"href":"https:\/\/colegiobenedictino.edu.co\/en\/wp-json\/wp\/v2\/comments?post=187"}],"version-history":[{"count":56,"href":"https:\/\/colegiobenedictino.edu.co\/en\/wp-json\/wp\/v2\/pages\/187\/revisions"}],"predecessor-version":[{"id":8132,"href":"https:\/\/colegiobenedictino.edu.co\/en\/wp-json\/wp\/v2\/pages\/187\/revisions\/8132"}],"wp:featuredmedia":[{"embeddable":true,"href":"https:\/\/colegiobenedictino.edu.co\/en\/wp-json\/wp\/v2\/media\/1228"}],"wp:attachment":[{"href":"https:\/\/colegiobenedictino.edu.co\/en\/wp-json\/wp\/v2\/media?parent=187"}],"curies":[{"name":"wp","href":"https:\/\/api.w.org\/{rel}","templated":true}]}}