{"id":311,"date":"2021-06-04T19:41:15","date_gmt":"2021-06-04T19:41:15","guid":{"rendered":"http:\/\/benedictino.6gradosdigital.com\/?page_id=311"},"modified":"2026-04-23T13:47:50","modified_gmt":"2026-04-23T18:47:50","slug":"work-with-us","status":"publish","type":"page","link":"https:\/\/colegiobenedictino.edu.co\/en\/trabaje-con-nosotros\/","title":{"rendered":"Work with us"},"content":{"rendered":"<div class=\"wpb-content-wrapper\"><div class=\"vc_row wpb_row vc_row-fluid\"><div class=\"wpb_column vc_column_container vc_col-sm-6\"><div class=\"vc_column-inner\"><div class=\"wpb_wrapper\">\n\t<div class=\"wpb_text_column wpb_content_element\" >\n\t\t<div class=\"wpb_wrapper\">\n\t\t\t<p><strong>Do you want to be part of the Benedictine Family?<\/strong><\/p>\n<p>We are pleased to know you are interested in joining this educational community. Find the available vacancies and the requirements necessary to apply for the processes here. It is important to be attentive to your phone line and\/or email for possible contact.<\/p>\n\n\t\t<\/div>\n\t<\/div>\n<div class=\"vc_tta-container\" data-vc-action=\"collapse\"><div class=\"vc_general vc_tta vc_tta-accordion vc_tta-color-grey vc_tta-style-classic vc_tta-shape-rounded vc_tta-o-shape-group vc_tta-controls-align-default\"><div class=\"vc_tta-panels-container\"><div class=\"vc_tta-panels\"><div class=\"vc_tta-panel vc_active\" id=\"1763092005121-5070b42b-aeb8\" data-vc-content=\".vc_tta-panel-body\"><div class=\"vc_tta-panel-heading\"><h4 class=\"vc_tta-panel-title vc_tta-controls-icon-position-left\"><a href=\"#1763092005121-5070b42b-aeb8\" data-vc-accordion data-vc-container=\".vc_tta-container\"><span class=\"vc_tta-title-text\">Requested Requirements<\/span><i class=\"vc_tta-controls-icon vc_tta-controls-icon-plus\"><\/i><\/a><\/h4><\/div><div class=\"vc_tta-panel-body\">\n\t<div class=\"wpb_text_column wpb_content_element\" >\n\t\t<div class=\"wpb_wrapper\">\n\t\t\t<p>You must ensure that you meet the requested requirements (educational level for the position and work experience).<\/p>\n\n\t\t<\/div>\n\t<\/div>\n<\/div><\/div><div class=\"vc_tta-panel\" id=\"1763092005125-21cc5620-674c\" data-vc-content=\".vc_tta-panel-body\"><div class=\"vc_tta-panel-heading\"><h4 class=\"vc_tta-panel-title vc_tta-controls-icon-position-left\"><a href=\"#1763092005125-21cc5620-674c\" data-vc-accordion data-vc-container=\".vc_tta-container\"><span class=\"vc_tta-title-text\">Resume in PDF<\/span><i class=\"vc_tta-controls-icon vc_tta-controls-icon-plus\"><\/i><\/a><\/h4><\/div><div class=\"vc_tta-panel-body\">\n\t<div class=\"wpb_text_column wpb_content_element\" >\n\t\t<div class=\"wpb_wrapper\">\n\t\t\t<p>The resume must be attached in PDF format and include a scanned copy of your national identification card. It is essential that all information be up to date.<\/p>\n\n\t\t<\/div>\n\t<\/div>\n<\/div><\/div><div class=\"vc_tta-panel\" id=\"1763092115729-cc3ea4e9-7cd0\" data-vc-content=\".vc_tta-panel-body\"><div class=\"vc_tta-panel-heading\"><h4 class=\"vc_tta-panel-title vc_tta-controls-icon-position-left\"><a href=\"#1763092115729-cc3ea4e9-7cd0\" data-vc-accordion data-vc-container=\".vc_tta-container\"><span class=\"vc_tta-title-text\">Copies of Certifications<\/span><i class=\"vc_tta-controls-icon vc_tta-controls-icon-plus\"><\/i><\/a><\/h4><\/div><div class=\"vc_tta-panel-body\">\n\t<div class=\"wpb_text_column wpb_content_element\" >\n\t\t<div class=\"wpb_wrapper\">\n\t\t\t<p>Copies of certificates, certifications, degrees, letters, and work references should not be attached to the resume; they will only be requested from candidates who are nearing the end of the selection process.<\/p>\n\n\t\t<\/div>\n\t<\/div>\n<\/div><\/div><\/div><\/div><\/div><\/div><\/div><\/div><\/div><div class=\"wpb_column vc_column_container vc_col-sm-6\"><div class=\"vc_column-inner\"><div class=\"wpb_wrapper\">\n\t<div  class=\"wpb_single_image wpb_content_element vc_align_center\">\n\t\t\n\t\t<figure class=\"wpb_wrapper vc_figure\">\n\t\t\t<div class=\"vc_single_image-wrapper   vc_box_border_grey\"><img data-recalc-dims=\"1\" loading=\"lazy\" decoding=\"async\" width=\"767\" height=\"565\" src=\"https:\/\/i0.wp.com\/colegiobenedictino.edu.co\/wp-content\/uploads\/2025\/10\/2333b-trabaja-con-nosotros-2.jpg?resize=767%2C565&#038;ssl=1\" class=\"vc_single_image-img attachment-full\" alt=\"\" title=\"work-with-us-2\" data-attachment-id=\"321\" data-permalink=\"https:\/\/colegiobenedictino.edu.co\/en\/trabaja-con-nosotros-2\/\" data-orig-file=\"https:\/\/colegiobenedictino.edu.co\/wp-content\/uploads\/2025\/10\/2333b-trabaja-con-nosotros-2.jpg\" data-orig-size=\"767,565\" data-comments-opened=\"1\" data-image-meta=\"{&quot;aperture&quot;:&quot;0&quot;,&quot;credit&quot;:&quot;&quot;,&quot;camera&quot;:&quot;&quot;,&quot;caption&quot;:&quot;&quot;,&quot;created_timestamp&quot;:&quot;0&quot;,&quot;copyright&quot;:&quot;&quot;,&quot;focal_length&quot;:&quot;0&quot;,&quot;iso&quot;:&quot;0&quot;,&quot;shutter_speed&quot;:&quot;0&quot;,&quot;title&quot;:&quot;&quot;,&quot;orientation&quot;:&quot;0&quot;}\" data-image-title=\"trabaja-con-nosotros-2\" data-image-description=\"\" data-image-caption=\"\" data-large-file=\"https:\/\/colegiobenedictino.edu.co\/wp-content\/uploads\/2025\/10\/2333b-trabaja-con-nosotros-2.jpg\"  data-dt-location=\"https:\/\/colegiobenedictino.edu.co\/en\/trabaja-con-nosotros-2\/\" \/><\/div>\n\t\t<\/figure>\n\t<\/div>\n<\/div><\/div><\/div><\/div><div class=\"vc_row wpb_row vc_row-fluid\"><div class=\"wpb_column vc_column_container vc_col-sm-6\"><div class=\"vc_column-inner\"><div class=\"wpb_wrapper\">\n\t<div class=\"wpb_text_column wpb_content_element\" >\n\t\t<div class=\"wpb_wrapper\">\n\t\t\t<p><img data-recalc-dims=\"1\" loading=\"lazy\" decoding=\"async\" data-attachment-id=\"325\" data-permalink=\"https:\/\/colegiobenedictino.edu.co\/en\/trabaje-con-nosotros\/trabaja-con-nosotros\/\" data-orig-file=\"https:\/\/colegiobenedictino.edu.co\/wp-content\/uploads\/2025\/10\/2841a-trabaja-con-nosotros.jpg\" data-orig-size=\"336,526\" data-comments-opened=\"1\" data-image-meta=\"{&quot;aperture&quot;:&quot;0&quot;,&quot;credit&quot;:&quot;&quot;,&quot;camera&quot;:&quot;&quot;,&quot;caption&quot;:&quot;&quot;,&quot;created_timestamp&quot;:&quot;0&quot;,&quot;copyright&quot;:&quot;&quot;,&quot;focal_length&quot;:&quot;0&quot;,&quot;iso&quot;:&quot;0&quot;,&quot;shutter_speed&quot;:&quot;0&quot;,&quot;title&quot;:&quot;&quot;,&quot;orientation&quot;:&quot;0&quot;}\" data-image-title=\"trabaja-con-nosotros\" data-image-description=\"\" data-image-caption=\"\" data-large-file=\"https:\/\/colegiobenedictino.edu.co\/wp-content\/uploads\/2025\/10\/2841a-trabaja-con-nosotros.jpg\" class=\"wp-image-325 alignleft\" src=\"https:\/\/i0.wp.com\/colegiobenedictino.edu.co\/wp-content\/uploads\/2025\/10\/2841a-trabaja-con-nosotros.jpg?resize=178%2C278&#038;ssl=1\" alt=\"\" width=\"178\" height=\"278\" \/>A Benedictine collaborator is characterized by being approachable, welcoming, respectful, responsible, supportive, and spiritual.<\/p>\n\n\t\t<\/div>\n\t<\/div>\n<\/div><\/div><\/div><div class=\"wpb_column vc_column_container vc_col-sm-6\"><div class=\"vc_column-inner\"><div class=\"wpb_wrapper\">\n\t<div class=\"wpb_text_column wpb_content_element\" >\n\t\t<div class=\"wpb_wrapper\">\n\t\t\t<p><strong>Enter the call for applications!<\/strong><\/p>\n<p>If you are interested in applying, you must enter the code that appears in the call for applications image in the following button and follow the step-by-step instructions, the program will show them to you, to apply.<\/p>\n<p>In case no vacancies are available, you can share your resume with us through the form.<\/p>\n\n\t\t<\/div>\n\t<\/div>\n<\/div><\/div><\/div><\/div><div class=\"vc_row wpb_row vc_row-fluid\"><div class=\"wpb_column vc_column_container vc_col-sm-12\"><div class=\"vc_column-inner\"><div class=\"wpb_wrapper\">\n\t<div class=\"wpb_text_column wpb_content_element\" >\n\t\t<div class=\"wpb_wrapper\">\n\t\t\t<p style=\"text-align: center;\"><strong>Send your resume<\/strong><\/p>\n\n\t\t<\/div>\n\t<\/div>\n<\/div><\/div><\/div><\/div><div class=\"vc_row wpb_row vc_row-fluid vc_custom_1763094783222 vc_row-has-fill\"><div class=\"wpb_column vc_column_container vc_col-sm-12\"><div class=\"vc_column-inner\"><div class=\"wpb_wrapper\"><div class=\"vc_empty_space\"   style=\"height: 32px\"><span class=\"vc_empty_space_inner\"><\/span><\/div>\n<div class=\"wpcf7 no-js\" id=\"wpcf7-f7334-o1\" lang=\"es-ES\" dir=\"ltr\" data-wpcf7-id=\"7334\">\n<div class=\"screen-reader-response\"><p role=\"status\" aria-live=\"polite\" aria-atomic=\"true\"><\/p> <ul><\/ul><\/div>\n<form action=\"\/en\/wp-json\/wp\/v2\/pages\/311#wpcf7-f7334-o1\" method=\"post\" class=\"wpcf7-form init\" aria-label=\"Formulario de contacto\" enctype=\"multipart\/form-data\" novalidate=\"novalidate\" data-status=\"init\" data-trp-original-action=\"\/en\/wp-json\/wp\/v2\/pages\/311#wpcf7-f7334-o1\">\n<fieldset class=\"hidden-fields-container\"><input type=\"hidden\" name=\"_wpcf7\" value=\"7334\" \/><input type=\"hidden\" name=\"_wpcf7_version\" value=\"6.1.5\" \/><input type=\"hidden\" name=\"_wpcf7_locale\" value=\"es_ES\" \/><input type=\"hidden\" name=\"_wpcf7_unit_tag\" value=\"wpcf7-f7334-o1\" \/><input type=\"hidden\" name=\"_wpcf7_container_post\" value=\"0\" \/><input type=\"hidden\" name=\"_wpcf7_posted_data_hash\" value=\"\" \/>\n<\/fieldset>\n<p><label> Your name<br \/>\n<span class=\"wpcf7-form-control-wrap\" data-name=\"your-name\"><input size=\"40\" maxlength=\"400\" class=\"wpcf7-form-control wpcf7-text wpcf7-validates-as-required\" autocomplete=\"name\" aria-required=\"true\" aria-invalid=\"false\" value=\"\" type=\"text\" name=\"your-name\" \/><\/span> <\/label>\n<\/p>\n<p><label> Your email<br \/>\n<span class=\"wpcf7-form-control-wrap\" data-name=\"your-email\"><input size=\"40\" maxlength=\"400\" class=\"wpcf7-form-control wpcf7-email wpcf7-validates-as-required wpcf7-text wpcf7-validates-as-email\" autocomplete=\"email\" aria-required=\"true\" aria-invalid=\"false\" value=\"\" type=\"email\" name=\"your-email\" \/><\/span> <\/label>\n<\/p>\n<p><label> Your message (optional)<br \/>\n<span class=\"wpcf7-form-control-wrap\" data-name=\"your-message\"><textarea cols=\"40\" rows=\"10\" maxlength=\"2000\" class=\"wpcf7-form-control wpcf7-textarea\" aria-invalid=\"false\" name=\"your-message\"><\/textarea><\/span> <\/label>\n<\/p>\n<p><label> Attach CV in PDF<br \/>\n<span class=\"wpcf7-form-control-wrap\" data-name=\"file-986\"><input size=\"40\" class=\"wpcf7-form-control wpcf7-file\" accept=\".pdf\" aria-invalid=\"false\" type=\"file\" name=\"file-986\" \/><\/span> <\/label>\n<\/p>\n<p><span class=\"wpcf7-form-control-wrap\" data-name=\"acceptance-252\"><span class=\"wpcf7-form-control wpcf7-acceptance optional\"><span class=\"wpcf7-list-item\"><label><input type=\"checkbox\" name=\"acceptance-252\" value=\"1\" aria-invalid=\"false\" \/><span class=\"wpcf7-list-item-label\">Checking this box and completing this form will be understood as unequivocal conduct that you grant your consent freely, voluntarily, and expressly for the processing of your personal information in accordance with what is described in our contact privacy notice.<\/span><\/label><\/span><\/span><\/span>\n<\/p>\n<p><input class=\"wpcf7-form-control wpcf7-submit has-spinner\" type=\"submit\" value=\"Send\" \/>\n<\/p><p style=\"display: none !important;\" class=\"akismet-fields-container\" data-prefix=\"_wpcf7_ak_\"><label>Delta<textarea name=\"_wpcf7_ak_hp_textarea\" cols=\"45\" rows=\"8\" maxlength=\"100\"><\/textarea><\/label><input type=\"hidden\" id=\"ak_js_1\" name=\"_wpcf7_ak_js\" value=\"174\"\/><script>\ndocument.getElementById( \"ak_js_1\" ).setAttribute( \"value\", ( new Date() ).getTime() );\n<\/script>\n<\/p><div class=\"wpcf7-response-output\" aria-hidden=\"true\"><\/div>\n<input type=\"hidden\" name=\"trp-form-language\" value=\"en\"\/><\/form>\n<\/div>\n<\/div><\/div><\/div><\/div><!-- Row Backgrounds --><div class=\"upb_color\" data-bg-override=\"0\" data-bg-color=\"#FFFFFF\" data-fadeout=\"\" data-fadeout-percentage=\"30\" data-parallax-content=\"\" data-parallax-content-sense=\"30\" data-row-effect-mobile-disable=\"true\" data-img-parallax-mobile-disable=\"true\" data-rtl=\"false\"  data-custom-vc-row=\"\"  data-vc=\"8.7.2\"  data-is_old_vc=\"\"  data-theme-support=\"\"   data-overlay=\"false\" data-overlay-color=\"\" data-overlay-pattern=\"\" data-overlay-pattern-opacity=\"\" data-overlay-pattern-size=\"\"    ><\/div>\n<\/div>","protected":false},"excerpt":{"rendered":"<p>\u00bfQuieres ser parte de la Familia Benedictina? Nos alegra saber que est\u00e1s interesado en pertenecer a esta comunidad educativa. Encuentra aqu\u00ed las vacantes disponibles y los requerimientos necesarios para aplicar a los procesos. Es importante que est\u00e9s atento a tu l\u00ednea telef\u00f3nica y\/o correo electr\u00f3nico para un posible contacto. Requisitos Solicitados Debes asegurarte de cumplir&hellip;<\/p>","protected":false},"author":272175875,"featured_media":315,"parent":0,"menu_order":0,"comment_status":"closed","ping_status":"closed","template":"","meta":{"footnotes":"","big_sky_generated":false},"class_list":["post-311","page","type-page","status-publish","has-post-thumbnail","hentry","description-off"],"yoast_head":"<!-- This site is optimized with the Yoast SEO plugin v27.5 - https:\/\/yoast.com\/product\/yoast-seo-wordpress\/ -->\n<title>Trabaje con nosotros - Colegio Benedictino<\/title>\n<meta name=\"description\" content=\"\u00bfBuscas nuevos retos profesionales? \u00danete a nuestro equipo y desarrolla tu talento en un ambiente innovador.\" \/>\n<meta name=\"robots\" content=\"index, follow, max-snippet:-1, max-image-preview:large, max-video-preview:-1\" \/>\n<link rel=\"canonical\" href=\"https:\/\/colegiobenedictino.edu.co\/en\/work-with-us\/\" \/>\n<meta property=\"og:locale\" content=\"en_US\" \/>\n<meta property=\"og:type\" content=\"article\" \/>\n<meta property=\"og:title\" content=\"Trabaje con nosotros - Colegio Benedictino\" \/>\n<meta property=\"og:description\" content=\"\u00bfBuscas nuevos retos profesionales? \u00danete a nuestro equipo y desarrolla tu talento en un ambiente innovador.\" \/>\n<meta property=\"og:url\" content=\"https:\/\/colegiobenedictino.edu.co\/en\/work-with-us\/\" \/>\n<meta property=\"og:site_name\" content=\"Colegio Benedictino\" \/>\n<meta property=\"article:publisher\" content=\"https:\/\/www.facebook.com\/colegiobenedictino?tsid=0.28463760125801607&amp;source=result\" \/>\n<meta property=\"article:modified_time\" content=\"2026-04-23T18:47:50+00:00\" \/>\n<meta property=\"og:image\" content=\"https:\/\/colegiobenedictino.edu.co\/wp-content\/uploads\/2025\/10\/9e8ca-banner-work-with-us.jpg\" \/>\n\t<meta property=\"og:image:width\" content=\"2022\" \/>\n\t<meta property=\"og:image:height\" content=\"863\" \/>\n\t<meta property=\"og:image:type\" content=\"image\/jpeg\" \/>\n<meta name=\"twitter:card\" content=\"summary_large_image\" \/>\n<meta name=\"twitter:label1\" content=\"Est. reading time\" \/>\n\t<meta name=\"twitter:data1\" content=\"2 minutes\" \/>\n<script type=\"application\/ld+json\" class=\"yoast-schema-graph\">{\"@context\":\"https:\\\/\\\/schema.org\",\"@graph\":[{\"@type\":\"WebPage\",\"@id\":\"https:\\\/\\\/colegiobenedictino.edu.co\\\/trabaje-con-nosotros\\\/\",\"url\":\"https:\\\/\\\/colegiobenedictino.edu.co\\\/trabaje-con-nosotros\\\/\",\"name\":\"Trabaje con nosotros - Colegio Benedictino\",\"isPartOf\":{\"@id\":\"https:\\\/\\\/colegiobenedictino.edu.co\\\/#website\"},\"primaryImageOfPage\":{\"@id\":\"https:\\\/\\\/colegiobenedictino.edu.co\\\/trabaje-con-nosotros\\\/#primaryimage\"},\"image\":{\"@id\":\"https:\\\/\\\/colegiobenedictino.edu.co\\\/trabaje-con-nosotros\\\/#primaryimage\"},\"thumbnailUrl\":\"https:\\\/\\\/colegiobenedictino.edu.co\\\/wp-content\\\/uploads\\\/2025\\\/10\\\/9e8ca-banner-work-with-us.jpg\",\"datePublished\":\"2021-06-04T19:41:15+00:00\",\"dateModified\":\"2026-04-23T18:47:50+00:00\",\"description\":\"\u00bfBuscas nuevos retos profesionales? \u00danete a nuestro equipo y desarrolla tu talento en un ambiente innovador.\",\"breadcrumb\":{\"@id\":\"https:\\\/\\\/colegiobenedictino.edu.co\\\/trabaje-con-nosotros\\\/#breadcrumb\"},\"inLanguage\":\"en-US\",\"potentialAction\":[{\"@type\":\"ReadAction\",\"target\":[\"https:\\\/\\\/colegiobenedictino.edu.co\\\/trabaje-con-nosotros\\\/\"]}]},{\"@type\":\"ImageObject\",\"inLanguage\":\"en-US\",\"@id\":\"https:\\\/\\\/colegiobenedictino.edu.co\\\/trabaje-con-nosotros\\\/#primaryimage\",\"url\":\"https:\\\/\\\/colegiobenedictino.edu.co\\\/wp-content\\\/uploads\\\/2025\\\/10\\\/9e8ca-banner-work-with-us.jpg\",\"contentUrl\":\"https:\\\/\\\/colegiobenedictino.edu.co\\\/wp-content\\\/uploads\\\/2025\\\/10\\\/9e8ca-banner-work-with-us.jpg\",\"width\":2022,\"height\":863,\"caption\":\"Aprendizaje permanente\"},{\"@type\":\"BreadcrumbList\",\"@id\":\"https:\\\/\\\/colegiobenedictino.edu.co\\\/trabaje-con-nosotros\\\/#breadcrumb\",\"itemListElement\":[{\"@type\":\"ListItem\",\"position\":1,\"name\":\"Portada\",\"item\":\"https:\\\/\\\/colegiobenedictino.edu.co\\\/\"},{\"@type\":\"ListItem\",\"position\":2,\"name\":\"Trabaje con nosotros\"}]},{\"@type\":\"WebSite\",\"@id\":\"https:\\\/\\\/colegiobenedictino.edu.co\\\/#website\",\"url\":\"https:\\\/\\\/colegiobenedictino.edu.co\\\/\",\"name\":\"Colegio Benedictino\",\"description\":\"Colegio Benedictino de Santa Mar\u00eda\",\"publisher\":{\"@id\":\"https:\\\/\\\/colegiobenedictino.edu.co\\\/#organization\"},\"potentialAction\":[{\"@type\":\"SearchAction\",\"target\":{\"@type\":\"EntryPoint\",\"urlTemplate\":\"https:\\\/\\\/colegiobenedictino.edu.co\\\/?s={search_term_string}\"},\"query-input\":{\"@type\":\"PropertyValueSpecification\",\"valueRequired\":true,\"valueName\":\"search_term_string\"}}],\"inLanguage\":\"en-US\"},{\"@type\":\"Organization\",\"@id\":\"https:\\\/\\\/colegiobenedictino.edu.co\\\/#organization\",\"name\":\"Colegio Benedictino\",\"url\":\"https:\\\/\\\/colegiobenedictino.edu.co\\\/\",\"logo\":{\"@type\":\"ImageObject\",\"inLanguage\":\"en-US\",\"@id\":\"https:\\\/\\\/colegiobenedictino.edu.co\\\/#\\\/schema\\\/logo\\\/image\\\/\",\"url\":\"https:\\\/\\\/colegiobenedictino.edu.co\\\/wp-content\\\/uploads\\\/2026\\\/03\\\/Mesa-de-trabajo-1.png\",\"contentUrl\":\"https:\\\/\\\/colegiobenedictino.edu.co\\\/wp-content\\\/uploads\\\/2026\\\/03\\\/Mesa-de-trabajo-1.png\",\"width\":851,\"height\":851,\"caption\":\"Colegio Benedictino\"},\"image\":{\"@id\":\"https:\\\/\\\/colegiobenedictino.edu.co\\\/#\\\/schema\\\/logo\\\/image\\\/\"},\"sameAs\":[\"https:\\\/\\\/www.facebook.com\\\/colegiobenedictino?tsid=0.28463760125801607&source=result\",\"https:\\\/\\\/www.instagram.com\\\/benedictinos\\\/\"]}]}<\/script>\n<!-- \/ Yoast SEO plugin. -->","yoast_head_json":{"title":"Work with Us - Benedictine College","description":"Are you looking for new professional challenges? Join our team and develop your talent in an innovative environment.","robots":{"index":"index","follow":"follow","max-snippet":"max-snippet:-1","max-image-preview":"max-image-preview:large","max-video-preview":"max-video-preview:-1"},"canonical":"https:\/\/colegiobenedictino.edu.co\/en\/work-with-us\/","og_locale":"en_US","og_type":"article","og_title":"Trabaje con nosotros - Colegio Benedictino","og_description":"\u00bfBuscas nuevos retos profesionales? \u00danete a nuestro equipo y desarrolla tu talento en un ambiente innovador.","og_url":"https:\/\/colegiobenedictino.edu.co\/en\/work-with-us\/","og_site_name":"Colegio Benedictino","article_publisher":"https:\/\/www.facebook.com\/colegiobenedictino?tsid=0.28463760125801607&source=result","article_modified_time":"2026-04-23T18:47:50+00:00","og_image":[{"width":2022,"height":863,"url":"https:\/\/colegiobenedictino.edu.co\/wp-content\/uploads\/2025\/10\/9e8ca-banner-work-with-us.jpg","type":"image\/jpeg"}],"twitter_card":"summary_large_image","twitter_misc":{"Est. reading time":"2 minutes"},"schema":{"@context":"https:\/\/schema.org","@graph":[{"@type":"WebPage","@id":"https:\/\/colegiobenedictino.edu.co\/trabaje-con-nosotros\/","url":"https:\/\/colegiobenedictino.edu.co\/trabaje-con-nosotros\/","name":"Work with Us - Benedictine College","isPartOf":{"@id":"https:\/\/colegiobenedictino.edu.co\/#website"},"primaryImageOfPage":{"@id":"https:\/\/colegiobenedictino.edu.co\/trabaje-con-nosotros\/#primaryimage"},"image":{"@id":"https:\/\/colegiobenedictino.edu.co\/trabaje-con-nosotros\/#primaryimage"},"thumbnailUrl":"https:\/\/colegiobenedictino.edu.co\/wp-content\/uploads\/2025\/10\/9e8ca-banner-work-with-us.jpg","datePublished":"2021-06-04T19:41:15+00:00","dateModified":"2026-04-23T18:47:50+00:00","description":"Are you looking for new professional challenges? Join our team and develop your talent in an innovative environment.","breadcrumb":{"@id":"https:\/\/colegiobenedictino.edu.co\/trabaje-con-nosotros\/#breadcrumb"},"inLanguage":"en-US","potentialAction":[{"@type":"ReadAction","target":["https:\/\/colegiobenedictino.edu.co\/trabaje-con-nosotros\/"]}]},{"@type":"ImageObject","inLanguage":"en-US","@id":"https:\/\/colegiobenedictino.edu.co\/trabaje-con-nosotros\/#primaryimage","url":"https:\/\/colegiobenedictino.edu.co\/wp-content\/uploads\/2025\/10\/9e8ca-banner-work-with-us.jpg","contentUrl":"https:\/\/colegiobenedictino.edu.co\/wp-content\/uploads\/2025\/10\/9e8ca-banner-work-with-us.jpg","width":2022,"height":863,"caption":"Aprendizaje permanente"},{"@type":"BreadcrumbList","@id":"https:\/\/colegiobenedictino.edu.co\/trabaje-con-nosotros\/#breadcrumb","itemListElement":[{"@type":"ListItem","position":1,"name":"Portada","item":"https:\/\/colegiobenedictino.edu.co\/"},{"@type":"ListItem","position":2,"name":"Trabaje con nosotros"}]},{"@type":"WebSite","@id":"https:\/\/colegiobenedictino.edu.co\/#website","url":"https:\/\/colegiobenedictino.edu.co\/","name":"Benedictine School","description":"St Mary Benedictine School","publisher":{"@id":"https:\/\/colegiobenedictino.edu.co\/#organization"},"potentialAction":[{"@type":"SearchAction","target":{"@type":"EntryPoint","urlTemplate":"https:\/\/colegiobenedictino.edu.co\/?s={search_term_string}"},"query-input":{"@type":"PropertyValueSpecification","valueRequired":true,"valueName":"search_term_string"}}],"inLanguage":"en-US"},{"@type":"Organization","@id":"https:\/\/colegiobenedictino.edu.co\/#organization","name":"Benedictine School","url":"https:\/\/colegiobenedictino.edu.co\/","logo":{"@type":"ImageObject","inLanguage":"en-US","@id":"https:\/\/colegiobenedictino.edu.co\/#\/schema\/logo\/image\/","url":"https:\/\/colegiobenedictino.edu.co\/wp-content\/uploads\/2026\/03\/Mesa-de-trabajo-1.png","contentUrl":"https:\/\/colegiobenedictino.edu.co\/wp-content\/uploads\/2026\/03\/Mesa-de-trabajo-1.png","width":851,"height":851,"caption":"Colegio Benedictino"},"image":{"@id":"https:\/\/colegiobenedictino.edu.co\/#\/schema\/logo\/image\/"},"sameAs":["https:\/\/www.facebook.com\/colegiobenedictino?tsid=0.28463760125801607&source=result","https:\/\/www.instagram.com\/benedictinos\/"]}]}},"jetpack_likes_enabled":true,"jetpack_sharing_enabled":true,"jetpack_shortlink":"https:\/\/wp.me\/PgQAXK-51","jetpack-related-posts":[],"_links":{"self":[{"href":"https:\/\/colegiobenedictino.edu.co\/en\/wp-json\/wp\/v2\/pages\/311","targetHints":{"allow":["GET"]}}],"collection":[{"href":"https:\/\/colegiobenedictino.edu.co\/en\/wp-json\/wp\/v2\/pages"}],"about":[{"href":"https:\/\/colegiobenedictino.edu.co\/en\/wp-json\/wp\/v2\/types\/page"}],"author":[{"embeddable":true,"href":"https:\/\/colegiobenedictino.edu.co\/en\/wp-json\/wp\/v2\/users\/272175875"}],"replies":[{"embeddable":true,"href":"https:\/\/colegiobenedictino.edu.co\/en\/wp-json\/wp\/v2\/comments?post=311"}],"version-history":[{"count":26,"href":"https:\/\/colegiobenedictino.edu.co\/en\/wp-json\/wp\/v2\/pages\/311\/revisions"}],"predecessor-version":[{"id":7353,"href":"https:\/\/colegiobenedictino.edu.co\/en\/wp-json\/wp\/v2\/pages\/311\/revisions\/7353"}],"wp:featuredmedia":[{"embeddable":true,"href":"https:\/\/colegiobenedictino.edu.co\/en\/wp-json\/wp\/v2\/media\/315"}],"wp:attachment":[{"href":"https:\/\/colegiobenedictino.edu.co\/en\/wp-json\/wp\/v2\/media?parent=311"}],"curies":[{"name":"wp","href":"https:\/\/api.w.org\/{rel}","templated":true}]}}