{"id":4439,"date":"2024-08-13T14:41:05","date_gmt":"2024-08-13T14:41:05","guid":{"rendered":"https:\/\/colegiobenedictino.edu.co\/?page_id=4439"},"modified":"2026-04-23T09:58:51","modified_gmt":"2026-04-23T14:58:51","slug":"nursing","status":"publish","type":"page","link":"https:\/\/colegiobenedictino.edu.co\/en\/enfermeria\/","title":{"rendered":"The Health Room"},"content":{"rendered":"<div class=\"wpb-content-wrapper\"><div class=\"vc_row wpb_row vc_row-fluid\"><div class=\"wpb_column vc_column_container vc_col-sm-12\"><div class=\"vc_column-inner\"><div class=\"wpb_wrapper\"><div class=\"vc_row wpb_row vc_inner vc_row-fluid\"><div class=\"wpb_column vc_column_container vc_col-sm-6\"><div class=\"vc_column-inner\"><div class=\"wpb_wrapper\"><div id=\"ultimate-heading-913169eba327d3bc2\" class=\"uvc-heading ult-adjust-bottom-margin ultimate-heading-913169eba327d3bc2 uvc-3639\" data-hspacer=\"no_spacer\"  data-halign=\"left\" style=\"text-align:left\"><div class=\"uvc-heading-spacer no_spacer\" style=\"top\"><\/div><div class=\"uvc-main-heading ult-responsive\"  data-ultimate-target='.uvc-heading.ultimate-heading-913169eba327d3bc2 h2'  data-responsive-json-new='{\"font-size\":\"desktop:26px;\",\"line-height\":\"desktop:32px;\"}' ><h2 style=\"font-weight:bold;margin-bottom:30px;\">Families<\/h2><\/div><\/div>\n\t<div class=\"wpb_text_column wpb_content_element\" >\n\t\t<div class=\"wpb_wrapper\">\n\t\t\t<p>Nursing staff does not administer or dispense medications. Therefore, it is important to complete an authorization form in case it is necessary to give medication to your children. Steps to follow:<\/p>\n\n\t\t<\/div>\n\t<\/div>\n<div class=\"aio-icon-component  vc_custom_1763309644993  accent-icon-color style_1\"><div id=\"Info-box-wrap-4289\" class=\"aio-icon-box left-icon\" style=\"\"  ><div class=\"aio-icon-left\"><div class=\"ult-just-icon-wrapper\"><div class=\"align-icon\" style=\"text-align:center;\">\n<div class=\"aio-icon none\"  style=\"color:#0E213E;font-size:32px;display:inline-block;\">\n\t<i class=\"icomoon-numbers-32x32-number\"><\/i>\n<\/div><\/div><\/div><\/div><div class=\"aio-ibd-block\"><div class=\"aio-icon-description ult-responsive\"  data-ultimate-target='#Info-box-wrap-4289 .aio-icon-description'  data-responsive-json-new='{\"font-size\":\"\",\"line-height\":\"\"}'  style=\"\">Download the authorization for the supply of medicines and fill out the form completely.<\/div> <!-- description --><\/div> <!-- aio-ibd-block --><\/div> <!-- aio-icon-box --><\/div> <!-- aio-icon-component --><div class=\"aio-icon-component  vc_custom_1763309677309  accent-icon-color style_1\"><div id=\"Info-box-wrap-4080\" class=\"aio-icon-box left-icon\" style=\"\"  ><div class=\"aio-icon-left\"><div class=\"ult-just-icon-wrapper\"><div class=\"align-icon\" style=\"text-align:center;\">\n<div class=\"aio-icon none\"  style=\"color:#0E213E;font-size:32px;display:inline-block;\">\n\t<i class=\"icomoon-numbers-32x32-number2\"><\/i>\n<\/div><\/div><\/div><\/div><div class=\"aio-ibd-block\"><div class=\"aio-icon-description ult-responsive\"  data-ultimate-target='#Info-box-wrap-4080 .aio-icon-description'  data-responsive-json-new='{\"font-size\":\"\",\"line-height\":\"\"}'  style=\"\">Send the authorization and the medical prescription issued by the EPS or an authorized health professional to the nursing section corresponding to your child's grade.<\/div> <!-- description --><\/div> <!-- aio-ibd-block --><\/div> <!-- aio-icon-box --><\/div> <!-- aio-icon-component --><div class=\"aio-icon-component  vc_custom_1763309698249  accent-icon-color style_1\"><div id=\"Info-box-wrap-5567\" class=\"aio-icon-box left-icon\" style=\"\"  ><div class=\"aio-icon-left\"><div class=\"ult-just-icon-wrapper\"><div class=\"align-icon\" style=\"text-align:center;\">\n<div class=\"aio-icon none\"  style=\"color:#0E213E;font-size:32px;display:inline-block;\">\n\t<i class=\"icomoon-numbers-32x32-number3\"><\/i>\n<\/div><\/div><\/div><\/div><div class=\"aio-ibd-block\"><div class=\"aio-icon-description ult-responsive\"  data-ultimate-target='#Info-box-wrap-5567 .aio-icon-description'  data-responsive-json-new='{\"font-size\":\"\",\"line-height\":\"\"}'  style=\"\">After the authorization and order are approved by the school, they can send the medications described in the order.<\/div> <!-- description --><\/div> <!-- aio-ibd-block --><\/div> <!-- aio-icon-box --><\/div> <!-- aio-icon-component --><\/div><\/div><\/div><div class=\"wpb_column vc_column_container vc_col-sm-6\"><div class=\"vc_column-inner\"><div class=\"wpb_wrapper\">\n\t<div  class=\"wpb_single_image wpb_content_element vc_align_left\">\n\t\t\n\t\t<figure class=\"wpb_wrapper vc_figure\">\n\t\t\t<div class=\"vc_single_image-wrapper vc_box_rounded  vc_box_border_grey\"><img data-recalc-dims=\"1\" loading=\"lazy\" decoding=\"async\" width=\"945\" height=\"673\" src=\"https:\/\/i0.wp.com\/colegiobenedictino.edu.co\/wp-content\/uploads\/2025\/10\/e7e48-imagen-enfermeria-v3.png?resize=945%2C673&#038;ssl=1\" class=\"vc_single_image-img attachment-full\" alt=\"\" title=\"image-nursing-v3\" data-attachment-id=\"4445\" data-permalink=\"https:\/\/colegiobenedictino.edu.co\/en\/imagen-enfermeria-v3\/\" data-orig-file=\"https:\/\/colegiobenedictino.edu.co\/wp-content\/uploads\/2025\/10\/e7e48-imagen-enfermeria-v3.png\" data-orig-size=\"945,673\" data-comments-opened=\"1\" data-image-meta=\"{&quot;aperture&quot;:&quot;0&quot;,&quot;credit&quot;:&quot;&quot;,&quot;camera&quot;:&quot;&quot;,&quot;caption&quot;:&quot;&quot;,&quot;created_timestamp&quot;:&quot;0&quot;,&quot;copyright&quot;:&quot;&quot;,&quot;focal_length&quot;:&quot;0&quot;,&quot;iso&quot;:&quot;0&quot;,&quot;shutter_speed&quot;:&quot;0&quot;,&quot;title&quot;:&quot;&quot;,&quot;orientation&quot;:&quot;0&quot;}\" data-image-title=\"imagen-enfermeria-v3\" data-image-description=\"\" data-image-caption=\"\" data-large-file=\"https:\/\/colegiobenedictino.edu.co\/wp-content\/uploads\/2025\/10\/e7e48-imagen-enfermeria-v3.png\"  data-dt-location=\"https:\/\/colegiobenedictino.edu.co\/en\/imagen-enfermeria-v3\/\" \/><\/div>\n\t\t<\/figure>\n\t<\/div>\n<\/div><\/div><\/div><\/div><\/div><\/div><\/div><\/div><!-- Row Backgrounds --><div class=\"upb_color\" data-bg-override=\"ex-full\" data-bg-color=\"#FFFFFF\" data-fadeout=\"\" data-fadeout-percentage=\"30\" data-parallax-content=\"\" data-parallax-content-sense=\"30\" data-row-effect-mobile-disable=\"true\" data-img-parallax-mobile-disable=\"true\" data-rtl=\"false\"  data-custom-vc-row=\"\"  data-vc=\"8.7.2\"  data-is_old_vc=\"\"  data-theme-support=\"\"   data-overlay=\"false\" data-overlay-color=\"\" data-overlay-pattern=\"\" data-overlay-pattern-opacity=\"\" data-overlay-pattern-size=\"\"    ><\/div><div class=\"vc_row wpb_row vc_row-fluid\"><div class=\"wpb_column vc_column_container vc_col-sm-12\"><div class=\"vc_column-inner\"><div class=\"wpb_wrapper\"><div class=\"vc_btn3-container vc_btn3-center\" ><a class=\"vc_general vc_btn3 vc_btn3-size-lg vc_btn3-shape-round vc_btn3-style-modern vc_btn3-icon-left vc_btn3-color-primary\" href=\"https:\/\/drive.google.com\/file\/d\/1t9xtRS7vwXfib4n-rYoJ2_5kTp3EcL8u\/view\" title=\"\" target=\"_blank\"><i class=\"vc_btn3-icon fa fa-solid fa-truck-medical\"><\/i> Download authorization<\/a><\/div><div class=\"vc_empty_space\"   style=\"height: 64px\"><span class=\"vc_empty_space_inner\"><\/span><\/div><\/div><\/div><\/div><\/div><div class=\"vc_row wpb_row vc_row-fluid\"><div class=\"wpb_column vc_column_container vc_col-sm-4\"><div class=\"vc_column-inner\"><div class=\"wpb_wrapper\">\n\t<div class=\"wpb_text_column wpb_content_element\" >\n\t\t<div class=\"wpb_wrapper\">\n\t\t\t<h3><b>EBE-EBS:<\/b><\/h3>\n<p><b>Angie Romero Manco<\/b><\/p>\n<p><span style=\"font-weight: 400;\">Email: nurse1@colegiobenedictino.edu.co<\/span><\/p>\n<p><span style=\"font-weight: 400;\">Phone: 316-705-9453<\/span><\/p>\n\n\t\t<\/div>\n\t<\/div>\n<\/div><\/div><\/div><div class=\"wpb_column vc_column_container vc_col-sm-4\"><div class=\"vc_column-inner\"><div class=\"wpb_wrapper\">\n\t<div class=\"wpb_text_column wpb_content_element\" >\n\t\t<div class=\"wpb_wrapper\">\n\t\t\t<h3><b>EBK<\/b><\/h3>\n<p><strong>Sindy Vanessa Tob\u00f3n Rivera<\/strong><\/p>\n<p><span style=\"font-weight: 400;\">Email: nurse2@colegiobenedictino.edu.co<\/span><\/p>\n<p><span style=\"font-weight: 400;\">Phone number <\/span><span style=\"font-weight: 400;\">3137326347<\/span><\/p>\n\n\t\t<\/div>\n\t<\/div>\n<\/div><\/div><\/div><div class=\"wpb_column vc_column_container vc_col-sm-4\"><div class=\"vc_column-inner\"><div class=\"wpb_wrapper\">\n\t<div class=\"wpb_text_column wpb_content_element\" >\n\t\t<div class=\"wpb_wrapper\">\n\t\t\t<h3><strong>EBI<\/strong><\/h3>\n<p><strong>Laura Estefania Vasquez Alzate<\/strong><\/p>\n<p><span style=\"font-weight: 400;\">Email: nurse3@colegiobenedictino.edu.co<\/span><\/p>\n<p><span style=\"font-weight: 400;\">Phone number <\/span><span style=\"font-weight: 400;\">3106786440<\/span><\/p>\n\n\t\t<\/div>\n\t<\/div>\n<\/div><\/div><\/div><\/div><!-- Row Backgrounds --><div class=\"upb_color\" data-bg-override=\"ex-full\" data-bg-color=\"#AAAAAA1A\" data-fadeout=\"\" data-fadeout-percentage=\"30\" data-parallax-content=\"\" data-parallax-content-sense=\"30\" data-row-effect-mobile-disable=\"true\" data-img-parallax-mobile-disable=\"true\" data-rtl=\"false\"  data-custom-vc-row=\"\"  data-vc=\"8.7.2\"  data-is_old_vc=\"\"  data-theme-support=\"\"   data-overlay=\"false\" data-overlay-color=\"\" data-overlay-pattern=\"\" data-overlay-pattern-opacity=\"\" data-overlay-pattern-size=\"\"    ><\/div>\n<\/div>","protected":false},"excerpt":{"rendered":"<p>Familias El personal de enfermer\u00eda no administra ni distribuye medicamentos. Por lo tanto, es importante diligenciar una autorizaci\u00f3n en caso de que sea necesario suministrar medicamentos a sus hijos. Pasos a seguir: Descargar la autorizaci\u00f3n para el suministro de medicamentos y diligenciar completamente el formato. Enviar la autorizaci\u00f3n y la f\u00f3rmula m\u00e9dica emitida por la&hellip;<\/p>","protected":false},"author":272175875,"featured_media":7701,"parent":0,"menu_order":0,"comment_status":"closed","ping_status":"closed","template":"","meta":{"footnotes":"","big_sky_generated":false},"class_list":["post-4439","page","type-page","status-publish","has-post-thumbnail","hentry","description-off"],"yoast_head":"<!-- This site is optimized with the Yoast SEO plugin v27.4 - https:\/\/yoast.com\/product\/yoast-seo-wordpress\/ -->\n<title>Enfermer\u00eda - Colegio Benedictino<\/title>\n<meta name=\"description\" content=\"Servicio de enfermer\u00eda escolar. Velamos por la salud integral, atenci\u00f3n de primeros auxilios y protocolos de bienestar estudiantil.\" \/>\n<meta name=\"robots\" content=\"index, follow, max-snippet:-1, max-image-preview:large, max-video-preview:-1\" \/>\n<link rel=\"canonical\" href=\"https:\/\/colegiobenedictino.edu.co\/en\/nursing\/\" \/>\n<meta property=\"og:locale\" content=\"en_US\" \/>\n<meta property=\"og:type\" content=\"article\" \/>\n<meta property=\"og:title\" content=\"Enfermer\u00eda - Colegio Benedictino\" \/>\n<meta property=\"og:description\" content=\"Servicio de enfermer\u00eda escolar. Velamos por la salud integral, atenci\u00f3n de primeros auxilios y protocolos de bienestar estudiantil.\" \/>\n<meta property=\"og:url\" content=\"https:\/\/colegiobenedictino.edu.co\/en\/nursing\/\" \/>\n<meta property=\"og:site_name\" content=\"Colegio Benedictino\" \/>\n<meta property=\"article:publisher\" content=\"https:\/\/www.facebook.com\/colegiobenedictino?tsid=0.28463760125801607&amp;source=result\" \/>\n<meta property=\"article:modified_time\" content=\"2026-04-23T14:58:51+00:00\" \/>\n<meta property=\"og:image\" content=\"https:\/\/colegiobenedictino.edu.co\/wp-content\/uploads\/2025\/11\/Enfermeria-e1776956318827.png\" \/>\n\t<meta property=\"og:image:width\" content=\"542\" \/>\n\t<meta property=\"og:image:height\" content=\"500\" \/>\n\t<meta property=\"og:image:type\" content=\"image\/png\" \/>\n<meta name=\"twitter:card\" content=\"summary_large_image\" \/>\n<meta name=\"twitter:label1\" content=\"Est. reading time\" \/>\n\t<meta name=\"twitter:data1\" content=\"2 minutes\" \/>\n<script type=\"application\/ld+json\" class=\"yoast-schema-graph\">{\"@context\":\"https:\\\/\\\/schema.org\",\"@graph\":[{\"@type\":\"WebPage\",\"@id\":\"https:\\\/\\\/colegiobenedictino.edu.co\\\/enfermeria\\\/\",\"url\":\"https:\\\/\\\/colegiobenedictino.edu.co\\\/enfermeria\\\/\",\"name\":\"Enfermer\u00eda - Colegio Benedictino\",\"isPartOf\":{\"@id\":\"https:\\\/\\\/colegiobenedictino.edu.co\\\/#website\"},\"primaryImageOfPage\":{\"@id\":\"https:\\\/\\\/colegiobenedictino.edu.co\\\/enfermeria\\\/#primaryimage\"},\"image\":{\"@id\":\"https:\\\/\\\/colegiobenedictino.edu.co\\\/enfermeria\\\/#primaryimage\"},\"thumbnailUrl\":\"https:\\\/\\\/colegiobenedictino.edu.co\\\/wp-content\\\/uploads\\\/2025\\\/11\\\/Enfermeria-e1776956318827.png\",\"datePublished\":\"2024-08-13T14:41:05+00:00\",\"dateModified\":\"2026-04-23T14:58:51+00:00\",\"description\":\"Servicio de enfermer\u00eda escolar. Velamos por la salud integral, atenci\u00f3n de primeros auxilios y protocolos de bienestar estudiantil.\",\"breadcrumb\":{\"@id\":\"https:\\\/\\\/colegiobenedictino.edu.co\\\/enfermeria\\\/#breadcrumb\"},\"inLanguage\":\"en-US\",\"potentialAction\":[{\"@type\":\"ReadAction\",\"target\":[\"https:\\\/\\\/colegiobenedictino.edu.co\\\/enfermeria\\\/\"]}]},{\"@type\":\"ImageObject\",\"inLanguage\":\"en-US\",\"@id\":\"https:\\\/\\\/colegiobenedictino.edu.co\\\/enfermeria\\\/#primaryimage\",\"url\":\"https:\\\/\\\/colegiobenedictino.edu.co\\\/wp-content\\\/uploads\\\/2025\\\/11\\\/Enfermeria-e1776956318827.png\",\"contentUrl\":\"https:\\\/\\\/colegiobenedictino.edu.co\\\/wp-content\\\/uploads\\\/2025\\\/11\\\/Enfermeria-e1776956318827.png\",\"width\":542,\"height\":500},{\"@type\":\"BreadcrumbList\",\"@id\":\"https:\\\/\\\/colegiobenedictino.edu.co\\\/enfermeria\\\/#breadcrumb\",\"itemListElement\":[{\"@type\":\"ListItem\",\"position\":1,\"name\":\"Portada\",\"item\":\"https:\\\/\\\/colegiobenedictino.edu.co\\\/\"},{\"@type\":\"ListItem\",\"position\":2,\"name\":\"Enfermer\u00eda\"}]},{\"@type\":\"WebSite\",\"@id\":\"https:\\\/\\\/colegiobenedictino.edu.co\\\/#website\",\"url\":\"https:\\\/\\\/colegiobenedictino.edu.co\\\/\",\"name\":\"Colegio Benedictino\",\"description\":\"Colegio Benedictino de Santa Mar\u00eda\",\"publisher\":{\"@id\":\"https:\\\/\\\/colegiobenedictino.edu.co\\\/#organization\"},\"potentialAction\":[{\"@type\":\"SearchAction\",\"target\":{\"@type\":\"EntryPoint\",\"urlTemplate\":\"https:\\\/\\\/colegiobenedictino.edu.co\\\/?s={search_term_string}\"},\"query-input\":{\"@type\":\"PropertyValueSpecification\",\"valueRequired\":true,\"valueName\":\"search_term_string\"}}],\"inLanguage\":\"en-US\"},{\"@type\":\"Organization\",\"@id\":\"https:\\\/\\\/colegiobenedictino.edu.co\\\/#organization\",\"name\":\"Colegio Benedictino\",\"url\":\"https:\\\/\\\/colegiobenedictino.edu.co\\\/\",\"logo\":{\"@type\":\"ImageObject\",\"inLanguage\":\"en-US\",\"@id\":\"https:\\\/\\\/colegiobenedictino.edu.co\\\/#\\\/schema\\\/logo\\\/image\\\/\",\"url\":\"https:\\\/\\\/colegiobenedictino.edu.co\\\/wp-content\\\/uploads\\\/2026\\\/03\\\/Mesa-de-trabajo-1.png\",\"contentUrl\":\"https:\\\/\\\/colegiobenedictino.edu.co\\\/wp-content\\\/uploads\\\/2026\\\/03\\\/Mesa-de-trabajo-1.png\",\"width\":851,\"height\":851,\"caption\":\"Colegio Benedictino\"},\"image\":{\"@id\":\"https:\\\/\\\/colegiobenedictino.edu.co\\\/#\\\/schema\\\/logo\\\/image\\\/\"},\"sameAs\":[\"https:\\\/\\\/www.facebook.com\\\/colegiobenedictino?tsid=0.28463760125801607&source=result\",\"https:\\\/\\\/www.instagram.com\\\/benedictinos\\\/\"]}]}<\/script>\n<!-- \/ Yoast SEO plugin. -->","yoast_head_json":{"title":"Nursing - Benedictine College","description":"School nursing service. We ensure comprehensive health, first aid care, and student well-being protocols.","robots":{"index":"index","follow":"follow","max-snippet":"max-snippet:-1","max-image-preview":"max-image-preview:large","max-video-preview":"max-video-preview:-1"},"canonical":"https:\/\/colegiobenedictino.edu.co\/en\/nursing\/","og_locale":"en_US","og_type":"article","og_title":"Enfermer\u00eda - Colegio Benedictino","og_description":"Servicio de enfermer\u00eda escolar. Velamos por la salud integral, atenci\u00f3n de primeros auxilios y protocolos de bienestar estudiantil.","og_url":"https:\/\/colegiobenedictino.edu.co\/en\/nursing\/","og_site_name":"Colegio Benedictino","article_publisher":"https:\/\/www.facebook.com\/colegiobenedictino?tsid=0.28463760125801607&source=result","article_modified_time":"2026-04-23T14:58:51+00:00","og_image":[{"width":542,"height":500,"url":"https:\/\/colegiobenedictino.edu.co\/wp-content\/uploads\/2025\/11\/Enfermeria-e1776956318827.png","type":"image\/png"}],"twitter_card":"summary_large_image","twitter_misc":{"Est. reading time":"2 minutes"},"schema":{"@context":"https:\/\/schema.org","@graph":[{"@type":"WebPage","@id":"https:\/\/colegiobenedictino.edu.co\/enfermeria\/","url":"https:\/\/colegiobenedictino.edu.co\/enfermeria\/","name":"Nursing - Benedictine College","isPartOf":{"@id":"https:\/\/colegiobenedictino.edu.co\/#website"},"primaryImageOfPage":{"@id":"https:\/\/colegiobenedictino.edu.co\/enfermeria\/#primaryimage"},"image":{"@id":"https:\/\/colegiobenedictino.edu.co\/enfermeria\/#primaryimage"},"thumbnailUrl":"https:\/\/colegiobenedictino.edu.co\/wp-content\/uploads\/2025\/11\/Enfermeria-e1776956318827.png","datePublished":"2024-08-13T14:41:05+00:00","dateModified":"2026-04-23T14:58:51+00:00","description":"School nursing service. We ensure comprehensive health, first aid care, and student well-being protocols.","breadcrumb":{"@id":"https:\/\/colegiobenedictino.edu.co\/enfermeria\/#breadcrumb"},"inLanguage":"en-US","potentialAction":[{"@type":"ReadAction","target":["https:\/\/colegiobenedictino.edu.co\/enfermeria\/"]}]},{"@type":"ImageObject","inLanguage":"en-US","@id":"https:\/\/colegiobenedictino.edu.co\/enfermeria\/#primaryimage","url":"https:\/\/colegiobenedictino.edu.co\/wp-content\/uploads\/2025\/11\/Enfermeria-e1776956318827.png","contentUrl":"https:\/\/colegiobenedictino.edu.co\/wp-content\/uploads\/2025\/11\/Enfermeria-e1776956318827.png","width":542,"height":500},{"@type":"BreadcrumbList","@id":"https:\/\/colegiobenedictino.edu.co\/enfermeria\/#breadcrumb","itemListElement":[{"@type":"ListItem","position":1,"name":"Portada","item":"https:\/\/colegiobenedictino.edu.co\/"},{"@type":"ListItem","position":2,"name":"Enfermer\u00eda"}]},{"@type":"WebSite","@id":"https:\/\/colegiobenedictino.edu.co\/#website","url":"https:\/\/colegiobenedictino.edu.co\/","name":"Benedictine School","description":"St Mary Benedictine School","publisher":{"@id":"https:\/\/colegiobenedictino.edu.co\/#organization"},"potentialAction":[{"@type":"SearchAction","target":{"@type":"EntryPoint","urlTemplate":"https:\/\/colegiobenedictino.edu.co\/?s={search_term_string}"},"query-input":{"@type":"PropertyValueSpecification","valueRequired":true,"valueName":"search_term_string"}}],"inLanguage":"en-US"},{"@type":"Organization","@id":"https:\/\/colegiobenedictino.edu.co\/#organization","name":"Benedictine School","url":"https:\/\/colegiobenedictino.edu.co\/","logo":{"@type":"ImageObject","inLanguage":"en-US","@id":"https:\/\/colegiobenedictino.edu.co\/#\/schema\/logo\/image\/","url":"https:\/\/colegiobenedictino.edu.co\/wp-content\/uploads\/2026\/03\/Mesa-de-trabajo-1.png","contentUrl":"https:\/\/colegiobenedictino.edu.co\/wp-content\/uploads\/2026\/03\/Mesa-de-trabajo-1.png","width":851,"height":851,"caption":"Colegio Benedictino"},"image":{"@id":"https:\/\/colegiobenedictino.edu.co\/#\/schema\/logo\/image\/"},"sameAs":["https:\/\/www.facebook.com\/colegiobenedictino?tsid=0.28463760125801607&source=result","https:\/\/www.instagram.com\/benedictinos\/"]}]}},"jetpack_likes_enabled":true,"jetpack_sharing_enabled":true,"jetpack_shortlink":"https:\/\/wp.me\/PgQAXK-19B","jetpack-related-posts":[],"_links":{"self":[{"href":"https:\/\/colegiobenedictino.edu.co\/en\/wp-json\/wp\/v2\/pages\/4439","targetHints":{"allow":["GET"]}}],"collection":[{"href":"https:\/\/colegiobenedictino.edu.co\/en\/wp-json\/wp\/v2\/pages"}],"about":[{"href":"https:\/\/colegiobenedictino.edu.co\/en\/wp-json\/wp\/v2\/types\/page"}],"author":[{"embeddable":true,"href":"https:\/\/colegiobenedictino.edu.co\/en\/wp-json\/wp\/v2\/users\/272175875"}],"replies":[{"embeddable":true,"href":"https:\/\/colegiobenedictino.edu.co\/en\/wp-json\/wp\/v2\/comments?post=4439"}],"version-history":[{"count":15,"href":"https:\/\/colegiobenedictino.edu.co\/en\/wp-json\/wp\/v2\/pages\/4439\/revisions"}],"predecessor-version":[{"id":7895,"href":"https:\/\/colegiobenedictino.edu.co\/en\/wp-json\/wp\/v2\/pages\/4439\/revisions\/7895"}],"wp:featuredmedia":[{"embeddable":true,"href":"https:\/\/colegiobenedictino.edu.co\/en\/wp-json\/wp\/v2\/media\/7701"}],"wp:attachment":[{"href":"https:\/\/colegiobenedictino.edu.co\/en\/wp-json\/wp\/v2\/media?parent=4439"}],"curies":[{"name":"wp","href":"https:\/\/api.w.org\/{rel}","templated":true}]}}